{"id":101,"date":"2021-02-12T20:16:07","date_gmt":"2021-02-12T20:16:07","guid":{"rendered":"http:\/\/zae-design.com\/?page_id=101"},"modified":"2023-01-29T19:54:39","modified_gmt":"2023-01-29T19:54:39","slug":"terms-conditions","status":"publish","type":"page","link":"https:\/\/www.zae-design.com\/de\/terms-conditions\/","title":{"rendered":"AGBs"},"content":{"rendered":"\n<p><strong>Allgemeine Verkaufsbedingungen<\/strong><\/p>\n\n\n\n<p>Im Folgenden m\u00f6chten wir Ihnen unsere Allgemeinen Gesch\u00e4ftsbedingungen vorstellen, die wir f\u00fcr die Erbringung aller auf Zae-design.com erbrachten Leistungen zugrunde legen. Auf www.zae-design.com verkaufen wir Anziehsachen. Alle Artikel werden nur \u00fcber Zae-design.com angeboten.<strong><\/strong><\/p>\n\n\n\n<p><strong>Geltungsbereich<\/strong><\/p>\n\n\n\n<p>Diese Gesch\u00e4ftsbedingungen gelten f\u00fcr alle K\u00e4ufe bei ZA\u00cb <a href=\"https:\/\/www.zae-design.com\/de\/legal-notice-2\/\" data-type=\"URL\" data-id=\"https:\/\/www.zae-design.com\/de\/legal-notice-2\/\">Impressum<\/a>, die von Privatkunden get\u00e4tigt werden.<\/p>\n\n\n\n<p>Privatkunden in diesem Sinne sind Personen mit Wohnsitz und Lieferadresse in der Europ\u00e4ischen Union, soweit die von ihnen bestellten Waren weder ihrer gewerblichen noch ihrer selbstst\u00e4ndigen beruflichen T\u00e4tigkeit zugerechnet werden k\u00f6nnen.<\/p>\n\n\n\n<p>Gesch\u00e4ftskunden werden gebeten, sich an info@zae-design zu wenden.<\/p>\n\n\n\n<p><strong>Preise und Versandkosten<\/strong><\/p>\n\n\n\n<p>Die ausgezeichneten Preise sind Endpreise. Es gilt der Betrag, der jeweils zum Zeitpunkt der verbindlichen Bestellung ausgewiesen ist. Hinzu kommen Versandkosten, die von der Versandart und der Gr\u00f6\u00dfe und dem Gewicht der von Ihnen bestellten Ware(n) abh\u00e4ngig sind. \u00dcber die Einzelheiten k\u00f6nnen Sie sich unter <strong><span class=\"has-inline-color has-vivid-red-color\">[Link auf \u201eVersandkosten&#8220;]<\/span><\/strong> informieren. Die regelm\u00e4\u00dfigen Kosten der R\u00fccksendung, die im Falle einer R\u00fcckgabe der Ware durch Sie in Aus\u00fcbung Ihres <a href=\"https:\/\/www.zae-design.com\/de\/revocation\/\" data-type=\"URL\" data-id=\"https:\/\/www.zae-design.com\/de\/revocation\/\">Widerrufsrechts<\/a> entstehen, tragen wir nicht. Bei Aus\u00fcbung Ihres Widerrufsrechts erstatten wir Ihnen nicht die Versandkosten zur\u00fcck. Die angegebenen Preise sind Endpreise zzgl.&nbsp;Versandkosten. Gem\u00e4\u00df \u00a7 19 UStG erheben wir keine Umsatzsteuer und weisen diese folglich auch nicht aus (Kleinunternehmerstatus)\u201c von N\u00f6ten.<\/p>\n\n\n\n<p><strong>Zahlung<\/strong><\/p>\n\n\n\n<p>Die Bezahlung erfolgt bei Lieferung mittels<\/p>\n\n\n\n<p>&nbsp;&nbsp;&nbsp;&nbsp;&nbsp;&nbsp;&nbsp;&nbsp;&nbsp;&nbsp;&nbsp; &#8211; Vorkasse<\/p>\n\n\n\n<p>&nbsp;&nbsp;&nbsp;&nbsp;&nbsp;&nbsp;&nbsp;&nbsp;&nbsp;&nbsp;&nbsp; &#8211; PayPal<\/p>\n\n\n\n<p><strong>Zahlungsverzug<\/strong><\/p>\n\n\n\n<p>Kommen Sie in Zahlungsverzug, so ist ZA\u00cb berechtigt, Verzugszinsen in H\u00f6he von 5 Prozentpunkten \u00fcber dem von der Deutschen Bundesbank f\u00fcr den Zeitpunkt der Bestellung bekannt gegebenen Basiszinssatz p.a. zu fordern. Falls ZA\u00cb ein h\u00f6herer Verzugsschaden nachweisbar entstanden ist, ist ZA\u00cb berechtigt, diesen geltend zu machen.<\/p>\n\n\n\n<p><strong>Zur\u00fcckbehaltungsrecht<\/strong><\/p>\n\n\n\n<p>Zur Aus\u00fcbung eines Zur\u00fcckbehaltungsrechts ist der Kunde nur insoweit befugt, als sein Gegenanspruch auf demselben Vertragsverh\u00e4ltnis beruht.<\/p>\n\n\n\n<p><strong>Lieferung<\/strong><\/p>\n\n\n\n<p>(1) Die Lieferung erfolgt an die vom Kunden angegebene Lieferanschrift, innerhalb von<\/p>\n\n\n\n<p>&nbsp;&nbsp;&nbsp;&nbsp;&nbsp;&nbsp;&nbsp;&nbsp;&nbsp;&nbsp;&nbsp; &#8211; Europa<br>(2) Macht h\u00f6here Gewalt (Naturkatastrophen, Krieg, B\u00fcrgerkrieg, Terroranschlag) die Lieferung oder eine sonstige Leistung dauerhaft unm\u00f6glich, ist eine Leistungspflicht von ZA\u00cb ausgeschlossen. Bereits gezahlte Betr\u00e4ge werden von ZA\u00cb unverz\u00fcglich erstattet.<\/p>\n\n\n\n<p>(3) ZA\u00cb kann au\u00dferdem die Leistung verweigern, soweit diese einen Aufwand erfordert, der unter Beachtung des Inhalts des Kaufvertrages und der Gebote von Treu und Glauben in einem groben Missverh\u00e4ltnis zu dem Interesse des Kunden an der Erf\u00fcllung des Kaufvertrages steht. Bereits gezahlte Betr\u00e4ge werden von ZA\u00cb unverz\u00fcglich erstattet.<\/p>\n\n\n\n<p>(4) Sperrgut (Pakete mit einem gr\u00f6\u00dferen Volumen als 1 qm) werden in der Regel per Spedition geliefert. ZA\u00cb weist ausdr\u00fccklich darauf hin, dass diese Ware nicht ins Haus wird.&nbsp;<\/p>\n\n\n\n<p><strong>G\u00fcnstige Versandart bei R\u00fccksendung<\/strong><\/p>\n\n\n\n<p>(1) Bitte verwenden Sie bei der R\u00fccksendung der Ware und des Zubeh\u00f6rs nach M\u00f6glichkeit die Originalverpackung, auch wenn diese durch eine \u00d6ffnung zur Funktionspr\u00fcfung besch\u00e4digt sein sollte.<\/p>\n\n\n\n<p><strong>M\u00e4ngelrechte<\/strong><\/p>\n\n\n\n<p>(1) Ein bereits bei der Lieferung mangelhaftes Produkt (Gew\u00e4hrleistungsfall) wird ZA\u00cb nach Wahl des Kunden auf Kosten von ZA\u00cb durch ein mangelfreies ersetzen oder fachgerecht reparieren lassen (Nacherf\u00fcllung). Der Kunde wird darauf hingewiesen, dass kein Gew\u00e4hrleistungsfall vorliegt, wenn das Produkt bei Gefahr\u00fcbergang die vereinbarte Beschaffenheit hatte. Ein Gew\u00e4hrleistungsfall liegt insbesondere in folgenden F\u00e4llen nicht vor:<\/p>\n\n\n\n<p>a)&nbsp; bei Sch\u00e4den, die beim Kunden durch Missbrauch oder unsachgem\u00e4\u00dfen Gebrauch entstanden sind,<\/p>\n\n\n\n<p>b)&nbsp; bei Sch\u00e4den, die dadurch entstanden sind, dass die Produkte beim Kunden sch\u00e4dlichen \u00e4u\u00dferen Einfl\u00fcssen ausgesetzt worden sind (insbesondere extremen Temperaturen, Feuchtigkeit, au\u00dfergew\u00f6hnlicher physikalischer oder elektrischer Beanspruchung, Spannungsschwankungen, Blitzschlag, statischer Elektrizit\u00e4t, Feuer).<\/p>\n\n\n\n<p>(2) ZA\u00cb leistet ferner keine Gew\u00e4hr f\u00fcr einen Fehler, der durch unsachgem\u00e4\u00dfe Reparatur durch einen nicht vom Hersteller autorisierten Servicepartner entstanden ist.<\/p>\n\n\n\n<p>(3) Erfordert die vom Kunden gew\u00fcnschte Art&nbsp;der Nacherf\u00fcllung (Ersatzlieferung oder Reparatur) einen Aufwand, der in Anbetracht des Produktpreises unter Beachtung des Vertragsinhaltes und der Gebote von Treu und Glauben in einem groben Missverh\u00e4ltnis zu dem Leistungsinteresse des Kunden steht \u2013 wobei insbesondere der Wert des Kaufgegenstandes im mangelfreien Zustand, die Bedeutung des Mangels und die Frage zu ber\u00fccksichtigen sind, ob auf die andere Art&nbsp;der Nacherf\u00fcllung ohne erhebliche Nachteile f\u00fcr den Kunden zur\u00fcckgegriffen werden kann \u2013 beschr\u00e4nkt sich der Anspruch des Kunden auf die jeweils andere Art&nbsp;der Nacherf\u00fcllung. Das Recht von ZA\u00cb, auch diese andere Art&nbsp;der Nacherf\u00fcllung unter der vorgenannten Voraussetzung zu verweigern, bleibt unber\u00fchrt.&nbsp;<\/p>\n\n\n\n<p>(4) Sowohl f\u00fcr den Fall der Reparatur als auch f\u00fcr den Fall der Ersatzlieferung ist der Kunde verpflichtet, das Produkt auf Kosten von ZA\u00cb unter Angabe der Auftragsnummer an die von ihr angegebene R\u00fccksendeadresse einzusenden. Vor der Einsendung hat der Kunde von ihm eingef\u00fcgte Gegenst\u00e4nde aus dem Produkt zu entfernen. ZA\u00cb ist nicht verpflichtet, das Produkt auf den Einbau solcher Gegenst\u00e4nde zu untersuchen. F\u00fcr den Verlust solcher Gegenst\u00e4nde haftet ZA\u00cb nicht, es sei denn, es war bei R\u00fccknahme des Produktes f\u00fcr ZA\u00cb ohne Weiteres erkennbar, dass ein solcher Gegenstand in das Produkt eingef\u00fcgt worden ist (in diesem Fall informiert ZA\u00cb den Kunden und h\u00e4lt den Gegenstand f\u00fcr den Kunden zur Abholung bereit; der Kunde tr\u00e4gt die dabei entstehenden Kosten).<\/p>\n\n\n\n<p>(5) Sendet der Kunde die Ware ein, um ein Austauschprodukt zu bekommen, richtet sich die R\u00fcckgew\u00e4hr des mangelhaften Produktes nach folgender Ma\u00dfgabe: Sofern der Kunde die Ware zwischen Lieferung und R\u00fccksendung in mangelfreiem Zustand benutzen konnte, hat dieser den Wert der von ihm gezogenen Nutzungen zu erstatten. F\u00fcr einen nicht durch den Mangel eingetretenen Untergang oder die weitere Verschlechterung der Ware sowie f\u00fcr die nicht durch den Mangel eingetretene Unm\u00f6glichkeit der Herausgabe der Ware im Zeitraum zwischen Lieferung der Ware und R\u00fccksendung der Ware hat der Kunde Wertersatz zu leisten. Der Kunde hat keinen Wertersatz f\u00fcr die durch den bestimmungsgem\u00e4\u00dfen Gebrauch der Ware entstandene Verschlechterung der Ware zu leisten. Die Pflicht zum Wertersatz entf\u00e4llt f\u00fcr die R\u00fccksendung eines mangelhaften Produktes im Gew\u00e4hrleistungsfall ferner,<\/p>\n\n\n\n<p>a)&nbsp; wenn sich der zum R\u00fccktritt berechtigende Mangel erst w\u00e4hrend der Verarbeitung oder Umgestaltung gezeigt hat,<\/p>\n\n\n\n<p>b)&nbsp; wenn ZA\u00cb die Verschlechterung oder den Untergang zu vertreten hat oder der Schaden auch bei ZA\u00cb eingetreten w\u00e4re,<\/p>\n\n\n\n<p>c)&nbsp; wenn die Verschlechterung oder der Untergang beim Kunden eingetreten ist, obwohl dieser diejenige Sorgfalt beachtet hat, die er in eigenen Angelegenheiten anzuwenden pflegt.<\/p>\n\n\n\n<p>(6) Die Schadensersatzpflicht des Kunden bei einer vom Kunden zu vertretenden Verletzung der R\u00fccksendungspflicht richtet sich nach Ma\u00dfgabe der gesetzlichen Bestimmungen.<\/p>\n\n\n\n<p>(7) Der Kunde kann nach seiner Wahl vom Vertrag zur\u00fccktreten oder den Kaufpreis mindern, wenn die Reparatur oder Ersatzlieferung innerhalb einer angemessenen Frist nicht zu einem vertragsgerechten Zustand des Produktes gef\u00fchrt hat.&nbsp;<\/p>\n\n\n\n<p>(8) Dar\u00fcber hinaus k\u00f6nnen auch Anspr\u00fcche gegen den Hersteller im Rahmen einer von diesem einger\u00e4umten Garantie bestehen, die sich nach den entsprechenden Garantiebedingungen richten.&nbsp;<\/p>\n\n\n\n<p>(9) Die gesetzliche Gew\u00e4hrleistung von ZA\u00cb endet zwei Jahre ab Lieferung der Ware. Die Frist beginnt mit dem Erhalt der Ware.<\/p>\n\n\n\n<p><strong>Haftung<\/strong><\/p>\n\n\n\n<p>(1) Bei leichter Fahrl\u00e4ssigkeit haftet ZA\u00cb nur bei der Verletzung vertragswesentlicher Pflichten und beschr\u00e4nkt auf den vorhersehbaren Schaden. Diese Beschr\u00e4nkung gilt nicht bei der Verletzung von Leben, K\u00f6rper und Gesundheit. F\u00fcr sonstige leicht fahrl\u00e4ssig durch einen Mangel des Kaufgegenstandes verursachte Sch\u00e4den haftet ZA\u00cb nicht.<\/p>\n\n\n\n<p>(2) Unabh\u00e4ngig von einem Verschulden von ZA\u00cb bleibt eine Haftung von ZA\u00cb bei arglistigem Verschweigen des Mangels oder aus der \u00dcbernahme einer Garantie unber\u00fchrt. Die Herstellergarantie ist eine Garantie des Herstellers und stellt keine \u00dcbernahme einer Garantie durch ZA\u00cb dar.<\/p>\n\n\n\n<p>(3) ZA\u00cb ist auch f\u00fcr die w\u00e4hrend ihres Verzugs durch Zufall eintretende Unm\u00f6glichkeit der Lieferung verantwortlich, es sei denn, dass der Schaden auch bei rechtzeitiger Lieferung eingetreten w\u00e4re.<\/p>\n\n\n\n<p>(4) Ausgeschlossen ist die pers\u00f6nliche Haftung der gesetzlichen Vertreter, Erf\u00fcllungsgehilfen und Betriebsangeh\u00f6rigen von ZA\u00cb f\u00fcr von ihnen durch leichte Fahrl\u00e4ssigkeit verursachte Sch\u00e4den.<\/p>\n\n\n\n<p><strong>Anwendbares Recht<\/strong><\/p>\n\n\n\n<p>Der zwischen Ihnen und ZA\u00cb abgeschlossene Vertrag unterliegt ausschlie\u00dflich dem Recht der Bundesrepublik Deutschland unter ausdr\u00fccklichem Ausschluss des UN-Kaufrechts. Unber\u00fchrt davon bleiben die zwingenden Bestimmungen des Staates, in dem Sie Ihren gew\u00f6hnlichen Aufenthalt haben.<\/p>\n\n\n\n<p><strong>Gerichtsstand<\/strong><\/p>\n\n\n\n<p>Sofern Sie entgegen Ihren Angaben bei der Bestellung keinen Wohnsitz in der Bundesrepublik Deutschland haben oder nach Vertragsabschluss Ihren Wohnsitz ins Ausland verlegen oder Ihr Wohnsitz zum Zeitpunkt der Klageerhebung nicht bekannt ist, ist Gerichtsstand f\u00fcr alle Streitigkeiten aus und im Zusammenhang mit dem Vertragsverh\u00e4ltnis <a href=\"https:\/\/www.zae-design.com\/de\/legal-notice-2\/\" data-type=\"URL\" data-id=\"https:\/\/www.zae-design.com\/de\/legal-notice-2\/\">Sitz des Betreibers des Online-Shops<\/a>. <\/p>\n\n\n\n<p><strong>Streitbeilegung<\/strong><\/p>\n\n\n\n<p>Allgemeine Informationspflichten zur alternativen Streitbeilegung nach Art. 14 Abs. 1 ODR-VO und \u00a7 36 VSBG (Verbraucherstreitbeilegungsgesetz):<\/p>\n\n\n\n<p>Die europ\u00e4ische Kommission stellt eine Plattform zur Online-Streitbelegung (OS) zur Verf\u00fcgung, die Sie unter dieser Adresse finden: <a href=\"http:\/\/ec.europa.eu\/consumers\/odr\/\">http:\/\/ec.europa.eu\/consumers\/odr\/<\/a> . Zur Teilnahme an einem Streitbeilegungsverfahren vor einer Verbraucherschlichtungsstelle sind wir nicht verpflichtet und auch nicht bereit.<\/p>\n\n\n\n<p><strong>Schlussbestimmungen<\/strong><\/p>\n\n\n\n<p>(1) Sollten einzelne Bestimmungen dieses Vertrages ganz oder teilweise unwirksam oder nichtig sein oder werden, so wird dadurch die Wirksamkeit des Vertrages im \u00dcbrigen nicht ber\u00fchrt, insoweit ein Vertragspartner hierdurch nicht unangemessen benachteiligt wird.<\/p>\n\n\n\n<p>(2) \u00c4nderungen oder Erg\u00e4nzungen dieses Vertrages bed\u00fcrfen der Schriftform.<\/p>\n\n\n\n<p>Aktualisiert am: 29\/01\/2023<\/p>\n\n\n\n<hr class=\"wp-block-separator has-css-opacity\"\/>\n\n\n\n<p><\/p>\n","protected":false},"excerpt":{"rendered":"<p>Allgemeine Verkaufsbedingungen Im Folgenden m\u00f6chten wir Ihnen unsere Allgemeinen Gesch\u00e4ftsbedingungen vorstellen, die wir f\u00fcr die Erbringung aller auf Zae-design.com erbrachten Leistungen zugrunde legen. Auf www.zae-design.com verkaufen wir Anziehsachen. Alle Artikel werden nur \u00fcber Zae-design.com angeboten. Geltungsbereich Diese Gesch\u00e4ftsbedingungen gelten f\u00fcr alle K\u00e4ufe bei ZA\u00cb Impressum, die von Privatkunden get\u00e4tigt werden. Privatkunden in diesem Sinne sind [&hellip;]<\/p>\n","protected":false},"author":1,"featured_media":0,"parent":0,"menu_order":0,"comment_status":"closed","ping_status":"closed","template":"","meta":{"footnotes":""},"class_list":["post-101","page","type-page","status-publish","hentry"],"translation":{"provider":"WPGlobus","version":"3.0.0","language":"de","enabled_languages":["en","de","fr"],"languages":{"en":{"title":true,"content":true,"excerpt":false},"de":{"title":true,"content":true,"excerpt":false},"fr":{"title":true,"content":true,"excerpt":false}}},"yoast_head":"<!-- This site is optimized with the Yoast SEO plugin v23.5 - https:\/\/yoast.com\/wordpress\/plugins\/seo\/ -->\n<title>AGBs - ZA\u00cb-Design<\/title>\n<meta name=\"robots\" content=\"index, follow, max-snippet:-1, max-image-preview:large, max-video-preview:-1\" \/>\n<link rel=\"canonical\" href=\"https:\/\/www.zae-design.com\/terms-conditions\/\" \/>\n<meta property=\"og:locale\" content=\"de_DE\" \/>\n<meta property=\"og:type\" content=\"article\" \/>\n<meta property=\"og:title\" content=\"AGBs - ZA\u00cb-Design\" \/>\n<meta property=\"og:url\" content=\"https:\/\/www.zae-design.com\/terms-conditions\/\" \/>\n<meta property=\"og:site_name\" content=\"ZA\u00cb-Design\" \/>\n<meta property=\"article:publisher\" content=\"https:\/\/www.facebook.com\/zaedesign.int\" \/>\n<meta property=\"article:modified_time\" content=\"2023-01-29T19:54:39+00:00\" \/>\n<meta name=\"twitter:card\" content=\"summary_large_image\" \/>\n<meta name=\"twitter:label1\" content=\"Gesch\u00e4tzte Lesezeit\" \/>\n\t<meta name=\"twitter:data1\" content=\"26\u00a0Minuten\" \/>\n<script type=\"application\/ld+json\" class=\"yoast-schema-graph\">{\"@context\":\"https:\/\/schema.org\",\"@graph\":[{\"@type\":\"WebPage\",\"@id\":\"https:\/\/www.zae-design.com\/terms-conditions\/\",\"url\":\"https:\/\/www.zae-design.com\/terms-conditions\/\",\"name\":\"AGBs - ZA\u00cb-Design\",\"isPartOf\":{\"@id\":\"https:\/\/www.zae-design.com\/#website\"},\"datePublished\":\"2021-02-12T20:16:07+00:00\",\"dateModified\":\"2023-01-29T19:54:39+00:00\",\"breadcrumb\":{\"@id\":\"https:\/\/www.zae-design.com\/terms-conditions\/#breadcrumb\"},\"inLanguage\":\"de\",\"potentialAction\":[{\"@type\":\"ReadAction\",\"target\":[\"https:\/\/www.zae-design.com\/terms-conditions\/\"]}]},{\"@type\":\"BreadcrumbList\",\"@id\":\"https:\/\/www.zae-design.com\/terms-conditions\/#breadcrumb\",\"itemListElement\":[{\"@type\":\"ListItem\",\"position\":1,\"name\":\"Home\",\"item\":\"https:\/\/www.zae-design.com\/\"},{\"@type\":\"ListItem\",\"position\":2,\"name\":\"Terms &#038; Conditions\"}]},{\"@type\":\"WebSite\",\"@id\":\"https:\/\/www.zae-design.com\/#website\",\"url\":\"https:\/\/www.zae-design.com\/\",\"name\":\"ZA\u00cb-Design\",\"description\":\"ZA\u00cb entwirft Kleidung f\u00fcr multidisziplin\u00e4re Urbane Arts\",\"publisher\":{\"@id\":\"https:\/\/www.zae-design.com\/#organization\"},\"potentialAction\":[{\"@type\":\"SearchAction\",\"target\":{\"@type\":\"EntryPoint\",\"urlTemplate\":\"https:\/\/www.zae-design.com\/?s={search_term_string}\"},\"query-input\":{\"@type\":\"PropertyValueSpecification\",\"valueRequired\":true,\"valueName\":\"search_term_string\"}}],\"inLanguage\":\"de\"},{\"@type\":\"Organization\",\"@id\":\"https:\/\/www.zae-design.com\/#organization\",\"name\":\"ZA\u00cb\",\"url\":\"https:\/\/www.zae-design.com\/\",\"logo\":{\"@type\":\"ImageObject\",\"inLanguage\":\"de\",\"@id\":\"https:\/\/www.zae-design.com\/#\/schema\/logo\/image\/\",\"url\":\"https:\/\/www.zae-design.com\/wp-content\/uploads\/2023\/02\/ZAE-Logo.png\",\"contentUrl\":\"https:\/\/www.zae-design.com\/wp-content\/uploads\/2023\/02\/ZAE-Logo.png\",\"width\":837,\"height\":344,\"caption\":\"ZA\u00cb\"},\"image\":{\"@id\":\"https:\/\/www.zae-design.com\/#\/schema\/logo\/image\/\"},\"sameAs\":[\"https:\/\/www.facebook.com\/zaedesign.int\",\"https:\/\/www.instagram.com\/_zaedesign\/\"]}]}<\/script>\n<!-- \/ Yoast SEO plugin. -->","yoast_head_json":{"title":"AGBs - ZA\u00cb-Design","robots":{"index":"index","follow":"follow","max-snippet":"max-snippet:-1","max-image-preview":"max-image-preview:large","max-video-preview":"max-video-preview:-1"},"canonical":"https:\/\/www.zae-design.com\/terms-conditions\/","og_locale":"de_DE","og_type":"article","og_title":"AGBs - ZA\u00cb-Design","og_url":"https:\/\/www.zae-design.com\/terms-conditions\/","og_site_name":"ZA\u00cb-Design","article_publisher":"https:\/\/www.facebook.com\/zaedesign.int","article_modified_time":"2023-01-29T19:54:39+00:00","twitter_card":"summary_large_image","twitter_misc":{"Gesch\u00e4tzte Lesezeit":"26\u00a0Minuten"},"schema":{"@context":"https:\/\/schema.org","@graph":[{"@type":"WebPage","@id":"https:\/\/www.zae-design.com\/terms-conditions\/","url":"https:\/\/www.zae-design.com\/terms-conditions\/","name":"AGBs - ZA\u00cb-Design","isPartOf":{"@id":"https:\/\/www.zae-design.com\/#website"},"datePublished":"2021-02-12T20:16:07+00:00","dateModified":"2023-01-29T19:54:39+00:00","breadcrumb":{"@id":"https:\/\/www.zae-design.com\/terms-conditions\/#breadcrumb"},"inLanguage":"de","potentialAction":[{"@type":"ReadAction","target":["https:\/\/www.zae-design.com\/terms-conditions\/"]}]},{"@type":"BreadcrumbList","@id":"https:\/\/www.zae-design.com\/terms-conditions\/#breadcrumb","itemListElement":[{"@type":"ListItem","position":1,"name":"Home","item":"https:\/\/www.zae-design.com\/"},{"@type":"ListItem","position":2,"name":"Terms &#038; Conditions"}]},{"@type":"WebSite","@id":"https:\/\/www.zae-design.com\/#website","url":"https:\/\/www.zae-design.com\/","name":"ZA\u00cb-Design","description":"ZA\u00cb entwirft Kleidung f\u00fcr multidisziplin\u00e4re Urbane Arts","publisher":{"@id":"https:\/\/www.zae-design.com\/#organization"},"potentialAction":[{"@type":"SearchAction","target":{"@type":"EntryPoint","urlTemplate":"https:\/\/www.zae-design.com\/?s={search_term_string}"},"query-input":{"@type":"PropertyValueSpecification","valueRequired":true,"valueName":"search_term_string"}}],"inLanguage":"de"},{"@type":"Organization","@id":"https:\/\/www.zae-design.com\/#organization","name":"ZA\u00cb","url":"https:\/\/www.zae-design.com\/","logo":{"@type":"ImageObject","inLanguage":"de","@id":"https:\/\/www.zae-design.com\/#\/schema\/logo\/image\/","url":"https:\/\/www.zae-design.com\/wp-content\/uploads\/2023\/02\/ZAE-Logo.png","contentUrl":"https:\/\/www.zae-design.com\/wp-content\/uploads\/2023\/02\/ZAE-Logo.png","width":837,"height":344,"caption":"ZA\u00cb"},"image":{"@id":"https:\/\/www.zae-design.com\/#\/schema\/logo\/image\/"},"sameAs":["https:\/\/www.facebook.com\/zaedesign.int","https:\/\/www.instagram.com\/_zaedesign\/"]}]}},"_links":{"self":[{"href":"https:\/\/www.zae-design.com\/de\/wp-json\/wp\/v2\/pages\/101","targetHints":{"allow":["GET"]}}],"collection":[{"href":"https:\/\/www.zae-design.com\/de\/wp-json\/wp\/v2\/pages"}],"about":[{"href":"https:\/\/www.zae-design.com\/de\/wp-json\/wp\/v2\/types\/page"}],"author":[{"embeddable":true,"href":"https:\/\/www.zae-design.com\/de\/wp-json\/wp\/v2\/users\/1"}],"replies":[{"embeddable":true,"href":"https:\/\/www.zae-design.com\/de\/wp-json\/wp\/v2\/comments?post=101"}],"version-history":[{"count":27,"href":"https:\/\/www.zae-design.com\/de\/wp-json\/wp\/v2\/pages\/101\/revisions"}],"predecessor-version":[{"id":1313,"href":"https:\/\/www.zae-design.com\/de\/wp-json\/wp\/v2\/pages\/101\/revisions\/1313"}],"wp:attachment":[{"href":"https:\/\/www.zae-design.com\/de\/wp-json\/wp\/v2\/media?parent=101"}],"curies":[{"name":"wp","href":"https:\/\/api.w.org\/{rel}","templated":true}]}}