{"id":227,"date":"2021-02-28T17:00:26","date_gmt":"2021-02-28T17:00:26","guid":{"rendered":"http:\/\/zae-design.com\/revocation\/"},"modified":"2023-01-29T22:04:26","modified_gmt":"2023-01-29T22:04:26","slug":"revocation","status":"publish","type":"page","link":"https:\/\/www.zae-design.com\/de\/revocation\/","title":{"rendered":"Wiederrufsrecht"},"content":{"rendered":"\n<h2 class=\"wp-block-heading\"><strong>Widerrufsrecht<\/strong><\/h2>\n\n\n\n<p>Sie haben das Recht, binnen vierzehn Tagen ohne Angabe von Gr\u00fcnden diesen Vertrag zu widerrufen. Die Widerrufsfrist betr\u00e4gt vierzehn Tage ab dem Tag an dem Sie oder ein von Ihnen benannter Dritter, der nicht der Bef\u00f6rderer ist, die Waren in Besitz genommen haben bzw. hat.<\/p>\n\n\n\n<p>Um Ihr Widerrufsrecht auszu\u00fcben, m\u00fcssen Sie uns <a href=\"mailto:info@zae-desing.com\">info@zae-desing.com<\/a> mittels einer eindeutigen Erkl\u00e4rung (E-Mail) \u00fcber Ihren Entschluss, diesen Vertrag zu widerrufen, informieren. Sie k\u00f6nnen daf\u00fcr das unten beigef\u00fcgte Muster-Widerrufsformular verwenden, das jedoch nicht vorgeschrieben ist. Sie k\u00f6nnen das Muster-Widerrufsformular kopieren, ausf\u00fcllen und uns per E-mail \u00fcbermitteln. Machen Sie von dieser M\u00f6glichkeit Gebrauch, so werden wir Ihnen (per E-Mail) eine Best\u00e4tigung \u00fcber den Eingang eines solchen Widerrufs \u00fcbermitteln. Zur Wahrung der Widerrufsfrist reicht es aus, dass Sie die Mitteilung \u00fcber die Aus\u00fcbung des Widerrufsrechts vor Ablauf der Widerrufsfrist absenden.<\/p>\n\n\n\n<h3 class=\"wp-block-heading\"><strong>Folgen des Widerrufs<\/strong><br><\/h3>\n\n\n\n<p>Wenn Sie diesen Vertrag widerrufen, haben wir Ihnen alle Zahlungen, die wir von Ihnen erhalten haben, <strong>ausschlie\u00dflich der Lieferkosten<\/strong> (mit Ausnahme der zus\u00e4tzlichen Kosten, die sich daraus ergeben, dass Sie eine andere Art der Lieferung als die von uns angebotene, g\u00fcnstigste Standardlieferung gew\u00e4hlt haben), unverz\u00fcglich und sp\u00e4testens binnen vierzehn Tagen ab dem Tag zur\u00fcckzuzahlen, an dem die Mitteilung \u00fcber Ihren Widerruf dieses Vertrags bei uns eingegangen ist. F\u00fcr diese R\u00fcckzahlung verwenden wir dasselbe Zahlungsmittel, das Sie bei der urspr\u00fcnglichen Transaktion eingesetzt haben, es sei denn, mit Ihnen wurde ausdr\u00fccklich etwas anderes vereinbart; in keinem Fall werden Ihnen wegen dieser R\u00fcckzahlung Entgelte berechnet.<\/p>\n\n\n\n<p>[4] Wir k\u00f6nnen die R\u00fcckzahlung verweigern, bis wir die Waren wider zur\u00fcckerhalten haben oder bis Sie den Nachweis erbracht haben, dass Sie die Waren zur\u00fcckgesandt haben, je nachdem, welches der fr\u00fchere Zeitpunkt ist.<br><br>[5] Wenn der Verbraucher Waren im Zusammenhang mit dem Vertrag erhalten hat:<\/p>\n\n\n\n<p>a) Sie haben die Waren unverz\u00fcglich und in jedem Fall sp\u00e4testens binnen vierzehn Tagen ab dem Tag, an dem Sie uns \u00fcber den Widerruf dieses Vertrags unterrichten, an uns: Marlene Braach, 31 rue Stendhal, 75020 Paris, France zur\u00fcckzusenden oder zu \u00fcbergeben. Die Frist ist gewahrt, wenn Sie die Waren vor Ablauf der Frist von vierzehn Tagen absenden.<br>b) <strong>Sie tragen die unmittelbaren Kosten der R\u00fccksendung der Waren.<\/strong><\/p>\n\n\n\n<p>c) Sie m\u00fcssen f\u00fcr einen etwaigen Wertverlust der Waren nur aufkommen, wenn dieser Wertverlust auf einen zur Pr\u00fcfung der Beschaffenheit, Eigenschaften und Funktionsweise der Waren nicht notwendigen Umgang mit ihnen zur\u00fcckzuf\u00fchren ist.<\/p>\n\n\n\n<h2 class=\"wp-block-heading\"><strong>Muster-Widerrufsformular<\/strong><\/h2>\n\n\n\n<p>Wenn Sie den Vertrag widerrufen wollen, dann kopieren Sie bitte den folgenden Text in das Kontaktformular und f\u00fcllen Sie ihn bitte anschlie\u00dfend an den gefragten Stellen aus. Denken Sie daran, die E-mail zu benutzen mit der Sie die Bestellung aufgegeben haben.<\/p>\n\n\n\n<ul class=\"wp-block-list\"><li>Hiermit widerrufe ich <strong>(XX)<\/strong> den von mir abgeschlossenen Vertrag \u00fcber den Kauf der folgenden Waren <strong>(XX)<\/strong><\/li><li>Bestellt am <strong>(XX)<\/strong>\/erhalten am <strong>(XX)<\/strong><\/li><li>Ihr Name<\/li><li>Ihre Anschrift <\/li><li>Grund:<\/li><\/ul>\n\n\n\n<p>1. Falsche Gr\u00f6\u00dfe<\/p>\n\n\n\n<p>2. Gef\u00e4llt nicht<\/p>\n\n\n\n<p>3. Mangel (Bitte beschreiben Sie kurz den Mangel)<\/p>\n\n\n<p>[contact-form][contact-field label=&#8220;Name&#8220; type=&#8220;name&#8220;  required=&#8220;true&#8220; \/][contact-field label=&#8220;Email&#8220; type=&#8220;email&#8220; required=&#8220;true&#8220; \/][contact-field label=&#8220;Message&#8220; type=&#8220;textarea&#8220; \/][\/contact-form]<\/p>\n","protected":false},"excerpt":{"rendered":"<p>Widerrufsrecht Sie haben das Recht, binnen vierzehn Tagen ohne Angabe von Gr\u00fcnden diesen Vertrag zu widerrufen. Die Widerrufsfrist betr\u00e4gt vierzehn Tage ab dem Tag an dem Sie oder ein von Ihnen benannter Dritter, der nicht der Bef\u00f6rderer ist, die Waren in Besitz genommen haben bzw. hat. Um Ihr Widerrufsrecht auszu\u00fcben, m\u00fcssen Sie uns info@zae-desing.com mittels [&hellip;]<\/p>\n","protected":false},"author":1,"featured_media":0,"parent":0,"menu_order":0,"comment_status":"closed","ping_status":"closed","template":"","meta":{"footnotes":""},"class_list":["post-227","page","type-page","status-publish","hentry"],"translation":{"provider":"WPGlobus","version":"3.0.0","language":"de","enabled_languages":["en","de","fr"],"languages":{"en":{"title":true,"content":true,"excerpt":false},"de":{"title":true,"content":true,"excerpt":false},"fr":{"title":true,"content":true,"excerpt":false}}},"yoast_head":"<!-- This site is optimized with the Yoast SEO plugin v23.5 - https:\/\/yoast.com\/wordpress\/plugins\/seo\/ -->\n<title>Wiederrufsrecht - ZA\u00cb-Design<\/title>\n<meta name=\"robots\" content=\"index, follow, max-snippet:-1, max-image-preview:large, max-video-preview:-1\" \/>\n<link rel=\"canonical\" href=\"https:\/\/www.zae-design.com\/revocation\/\" \/>\n<meta property=\"og:locale\" content=\"de_DE\" \/>\n<meta property=\"og:type\" content=\"article\" \/>\n<meta property=\"og:title\" content=\"Wiederrufsrecht - ZA\u00cb-Design\" \/>\n<meta property=\"og:url\" content=\"https:\/\/www.zae-design.com\/revocation\/\" \/>\n<meta property=\"og:site_name\" content=\"ZA\u00cb-Design\" \/>\n<meta property=\"article:publisher\" content=\"https:\/\/www.facebook.com\/zaedesign.int\" \/>\n<meta property=\"article:modified_time\" content=\"2023-01-29T22:04:26+00:00\" \/>\n<meta name=\"twitter:card\" content=\"summary_large_image\" \/>\n<meta name=\"twitter:label1\" content=\"Gesch\u00e4tzte Lesezeit\" \/>\n\t<meta name=\"twitter:data1\" content=\"8\u00a0Minuten\" \/>\n<script type=\"application\/ld+json\" class=\"yoast-schema-graph\">{\"@context\":\"https:\/\/schema.org\",\"@graph\":[{\"@type\":\"WebPage\",\"@id\":\"https:\/\/www.zae-design.com\/revocation\/\",\"url\":\"https:\/\/www.zae-design.com\/revocation\/\",\"name\":\"Wiederrufsrecht - ZA\u00cb-Design\",\"isPartOf\":{\"@id\":\"https:\/\/www.zae-design.com\/#website\"},\"datePublished\":\"2021-02-28T17:00:26+00:00\",\"dateModified\":\"2023-01-29T22:04:26+00:00\",\"breadcrumb\":{\"@id\":\"https:\/\/www.zae-design.com\/revocation\/#breadcrumb\"},\"inLanguage\":\"de\",\"potentialAction\":[{\"@type\":\"ReadAction\",\"target\":[\"https:\/\/www.zae-design.com\/revocation\/\"]}]},{\"@type\":\"BreadcrumbList\",\"@id\":\"https:\/\/www.zae-design.com\/revocation\/#breadcrumb\",\"itemListElement\":[{\"@type\":\"ListItem\",\"position\":1,\"name\":\"Home\",\"item\":\"https:\/\/www.zae-design.com\/\"},{\"@type\":\"ListItem\",\"position\":2,\"name\":\"Cancellation Policy\"}]},{\"@type\":\"WebSite\",\"@id\":\"https:\/\/www.zae-design.com\/#website\",\"url\":\"https:\/\/www.zae-design.com\/\",\"name\":\"ZA\u00cb-Design\",\"description\":\"ZA\u00cb entwirft Kleidung f\u00fcr multidisziplin\u00e4re Urbane Arts\",\"publisher\":{\"@id\":\"https:\/\/www.zae-design.com\/#organization\"},\"potentialAction\":[{\"@type\":\"SearchAction\",\"target\":{\"@type\":\"EntryPoint\",\"urlTemplate\":\"https:\/\/www.zae-design.com\/?s={search_term_string}\"},\"query-input\":{\"@type\":\"PropertyValueSpecification\",\"valueRequired\":true,\"valueName\":\"search_term_string\"}}],\"inLanguage\":\"de\"},{\"@type\":\"Organization\",\"@id\":\"https:\/\/www.zae-design.com\/#organization\",\"name\":\"ZA\u00cb\",\"url\":\"https:\/\/www.zae-design.com\/\",\"logo\":{\"@type\":\"ImageObject\",\"inLanguage\":\"de\",\"@id\":\"https:\/\/www.zae-design.com\/#\/schema\/logo\/image\/\",\"url\":\"https:\/\/www.zae-design.com\/wp-content\/uploads\/2023\/02\/ZAE-Logo.png\",\"contentUrl\":\"https:\/\/www.zae-design.com\/wp-content\/uploads\/2023\/02\/ZAE-Logo.png\",\"width\":837,\"height\":344,\"caption\":\"ZA\u00cb\"},\"image\":{\"@id\":\"https:\/\/www.zae-design.com\/#\/schema\/logo\/image\/\"},\"sameAs\":[\"https:\/\/www.facebook.com\/zaedesign.int\",\"https:\/\/www.instagram.com\/_zaedesign\/\"]}]}<\/script>\n<!-- \/ Yoast SEO plugin. -->","yoast_head_json":{"title":"Wiederrufsrecht - ZA\u00cb-Design","robots":{"index":"index","follow":"follow","max-snippet":"max-snippet:-1","max-image-preview":"max-image-preview:large","max-video-preview":"max-video-preview:-1"},"canonical":"https:\/\/www.zae-design.com\/revocation\/","og_locale":"de_DE","og_type":"article","og_title":"Wiederrufsrecht - ZA\u00cb-Design","og_url":"https:\/\/www.zae-design.com\/revocation\/","og_site_name":"ZA\u00cb-Design","article_publisher":"https:\/\/www.facebook.com\/zaedesign.int","article_modified_time":"2023-01-29T22:04:26+00:00","twitter_card":"summary_large_image","twitter_misc":{"Gesch\u00e4tzte Lesezeit":"8\u00a0Minuten"},"schema":{"@context":"https:\/\/schema.org","@graph":[{"@type":"WebPage","@id":"https:\/\/www.zae-design.com\/revocation\/","url":"https:\/\/www.zae-design.com\/revocation\/","name":"Wiederrufsrecht - ZA\u00cb-Design","isPartOf":{"@id":"https:\/\/www.zae-design.com\/#website"},"datePublished":"2021-02-28T17:00:26+00:00","dateModified":"2023-01-29T22:04:26+00:00","breadcrumb":{"@id":"https:\/\/www.zae-design.com\/revocation\/#breadcrumb"},"inLanguage":"de","potentialAction":[{"@type":"ReadAction","target":["https:\/\/www.zae-design.com\/revocation\/"]}]},{"@type":"BreadcrumbList","@id":"https:\/\/www.zae-design.com\/revocation\/#breadcrumb","itemListElement":[{"@type":"ListItem","position":1,"name":"Home","item":"https:\/\/www.zae-design.com\/"},{"@type":"ListItem","position":2,"name":"Cancellation Policy"}]},{"@type":"WebSite","@id":"https:\/\/www.zae-design.com\/#website","url":"https:\/\/www.zae-design.com\/","name":"ZA\u00cb-Design","description":"ZA\u00cb entwirft Kleidung f\u00fcr multidisziplin\u00e4re Urbane Arts","publisher":{"@id":"https:\/\/www.zae-design.com\/#organization"},"potentialAction":[{"@type":"SearchAction","target":{"@type":"EntryPoint","urlTemplate":"https:\/\/www.zae-design.com\/?s={search_term_string}"},"query-input":{"@type":"PropertyValueSpecification","valueRequired":true,"valueName":"search_term_string"}}],"inLanguage":"de"},{"@type":"Organization","@id":"https:\/\/www.zae-design.com\/#organization","name":"ZA\u00cb","url":"https:\/\/www.zae-design.com\/","logo":{"@type":"ImageObject","inLanguage":"de","@id":"https:\/\/www.zae-design.com\/#\/schema\/logo\/image\/","url":"https:\/\/www.zae-design.com\/wp-content\/uploads\/2023\/02\/ZAE-Logo.png","contentUrl":"https:\/\/www.zae-design.com\/wp-content\/uploads\/2023\/02\/ZAE-Logo.png","width":837,"height":344,"caption":"ZA\u00cb"},"image":{"@id":"https:\/\/www.zae-design.com\/#\/schema\/logo\/image\/"},"sameAs":["https:\/\/www.facebook.com\/zaedesign.int","https:\/\/www.instagram.com\/_zaedesign\/"]}]}},"_links":{"self":[{"href":"https:\/\/www.zae-design.com\/de\/wp-json\/wp\/v2\/pages\/227","targetHints":{"allow":["GET"]}}],"collection":[{"href":"https:\/\/www.zae-design.com\/de\/wp-json\/wp\/v2\/pages"}],"about":[{"href":"https:\/\/www.zae-design.com\/de\/wp-json\/wp\/v2\/types\/page"}],"author":[{"embeddable":true,"href":"https:\/\/www.zae-design.com\/de\/wp-json\/wp\/v2\/users\/1"}],"replies":[{"embeddable":true,"href":"https:\/\/www.zae-design.com\/de\/wp-json\/wp\/v2\/comments?post=227"}],"version-history":[{"count":14,"href":"https:\/\/www.zae-design.com\/de\/wp-json\/wp\/v2\/pages\/227\/revisions"}],"predecessor-version":[{"id":1316,"href":"https:\/\/www.zae-design.com\/de\/wp-json\/wp\/v2\/pages\/227\/revisions\/1316"}],"wp:attachment":[{"href":"https:\/\/www.zae-design.com\/de\/wp-json\/wp\/v2\/media?parent=227"}],"curies":[{"name":"wp","href":"https:\/\/api.w.org\/{rel}","templated":true}]}}