{"id":2052,"date":"2025-07-16T22:09:45","date_gmt":"2025-07-16T22:09:45","guid":{"rendered":"https:\/\/www.zae-design.com\/?post_type=product&#038;p=2052"},"modified":"2025-11-13T08:40:48","modified_gmt":"2025-11-13T08:40:48","slug":"trench-zae-x-hoker-one","status":"publish","type":"product","link":"https:\/\/www.zae-design.com\/de\/produkt\/trench-zae-x-hoker-one\/","title":{"rendered":"Trench ZA\u00cb x Hoker One"},"content":{"rendered":"","protected":false},"excerpt":{"rendered":"<p>Vintage Trenchcoat<br \/>\nWoman Size: L, Men size: M<br \/>\nColour: green<br \/>\nClassical vintage Trench coat with D-Strings belt. Bought in a secondhand shop in Paris<\/p>\n<p>This trench coat has been customized with spray paint by German artist Steffen Mumm, who used his former artist name, Hoker One \u2014 a nod to his roots in the graffiti and street art movement.<\/p>\n<p>The artistical approach: His unmistakable style emerges from influences of writing, line and urban aesthetics &#8211; developed over many years in different media and with a playful, experimental attitude. With every brushstroke, every sprayed line, every moulded object, he not only explores his own identity and personal growth, but also invites the viewer to engage with the various facets of being human.<\/p>\n<p>The \u2018Heads\u2019, on which he has focussed in recent years, are his trademark. Their tension and emotionality arise from the fact that the artist creates them just as intuitively and spontaneously as he does with great attention to detail and technical precision. The heads and their expression are individual and at the same time subordinate to a unifying system. They are as multi-layered as human existence. Steffen&#8217;s artworks invite us to immerse ourselves in ourselves and discover the inner core that connects us all.<\/p>\n<p><a href=\"https:\/\/www.steffenmumm.com\/\">Artist website: www.steffenmumm.com<\/a><\/p>\n","protected":false},"featured_media":2309,"comment_status":"open","ping_status":"closed","template":"","meta":[],"product_cat":[56],"product_tag":[],"class_list":["post-2052","product","type-product","status-publish","has-post-thumbnail","hentry","product_cat-trench-coat"],"translation":{"provider":"WPGlobus","version":"3.0.0","language":"de","enabled_languages":["en","de","fr"],"languages":{"en":{"title":true,"content":false,"excerpt":true},"de":{"title":false,"content":false,"excerpt":false},"fr":{"title":false,"content":false,"excerpt":false}}},"yoast_head":"<!-- This site is optimized with the Yoast SEO plugin v23.5 - https:\/\/yoast.com\/wordpress\/plugins\/seo\/ -->\n<title>Trench ZA\u00cb x Hoker One - ZA\u00cb-Design<\/title>\n<meta name=\"robots\" content=\"index, follow, max-snippet:-1, max-image-preview:large, max-video-preview:-1\" \/>\n<link rel=\"canonical\" href=\"https:\/\/www.zae-design.com\/produkt\/trench-zae-x-hoker-one\/\" \/>\n<meta property=\"og:locale\" content=\"de_DE\" \/>\n<meta property=\"og:type\" content=\"article\" \/>\n<meta property=\"og:title\" content=\"Trench ZA\u00cb x Hoker One - ZA\u00cb-Design\" \/>\n<meta property=\"og:url\" content=\"https:\/\/www.zae-design.com\/produkt\/trench-zae-x-hoker-one\/\" \/>\n<meta property=\"og:site_name\" content=\"ZA\u00cb-Design\" \/>\n<meta property=\"article:publisher\" content=\"https:\/\/www.facebook.com\/zaedesign.int\" \/>\n<meta property=\"article:modified_time\" content=\"2025-11-13T08:40:48+00:00\" \/>\n<meta property=\"og:image\" content=\"https:\/\/www.zae-design.com\/wp-content\/uploads\/2025\/07\/Zaexhoker_titelbild.jpg\" \/>\n\t<meta property=\"og:image:width\" content=\"1080\" \/>\n\t<meta property=\"og:image:height\" content=\"1080\" \/>\n\t<meta property=\"og:image:type\" content=\"image\/jpeg\" \/>\n<meta name=\"twitter:card\" content=\"summary_large_image\" \/>\n<meta name=\"twitter:label1\" content=\"Gesch\u00e4tzte Lesezeit\" \/>\n\t<meta name=\"twitter:data1\" content=\"1\u00a0Minute\" \/>\n<script type=\"application\/ld+json\" class=\"yoast-schema-graph\">{\"@context\":\"https:\/\/schema.org\",\"@graph\":[{\"@type\":\"WebPage\",\"@id\":\"https:\/\/www.zae-design.com\/produkt\/trench-zae-x-hoker-one\/\",\"url\":\"https:\/\/www.zae-design.com\/produkt\/trench-zae-x-hoker-one\/\",\"name\":\"Trench ZA\u00cb x Hoker One - ZA\u00cb-Design\",\"isPartOf\":{\"@id\":\"https:\/\/www.zae-design.com\/#website\"},\"primaryImageOfPage\":{\"@id\":\"https:\/\/www.zae-design.com\/produkt\/trench-zae-x-hoker-one\/#primaryimage\"},\"image\":{\"@id\":\"https:\/\/www.zae-design.com\/produkt\/trench-zae-x-hoker-one\/#primaryimage\"},\"thumbnailUrl\":\"https:\/\/www.zae-design.com\/wp-content\/uploads\/2025\/07\/Zaexhoker_titelbild.jpg\",\"datePublished\":\"2025-07-16T22:09:45+00:00\",\"dateModified\":\"2025-11-13T08:40:48+00:00\",\"breadcrumb\":{\"@id\":\"https:\/\/www.zae-design.com\/produkt\/trench-zae-x-hoker-one\/#breadcrumb\"},\"inLanguage\":\"de\",\"potentialAction\":[{\"@type\":\"ReadAction\",\"target\":[\"https:\/\/www.zae-design.com\/produkt\/trench-zae-x-hoker-one\/\"]}]},{\"@type\":\"ImageObject\",\"inLanguage\":\"de\",\"@id\":\"https:\/\/www.zae-design.com\/produkt\/trench-zae-x-hoker-one\/#primaryimage\",\"url\":\"https:\/\/www.zae-design.com\/wp-content\/uploads\/2025\/07\/Zaexhoker_titelbild.jpg\",\"contentUrl\":\"https:\/\/www.zae-design.com\/wp-content\/uploads\/2025\/07\/Zaexhoker_titelbild.jpg\",\"width\":1080,\"height\":1080},{\"@type\":\"BreadcrumbList\",\"@id\":\"https:\/\/www.zae-design.com\/produkt\/trench-zae-x-hoker-one\/#breadcrumb\",\"itemListElement\":[{\"@type\":\"ListItem\",\"position\":1,\"name\":\"Home\",\"item\":\"https:\/\/www.zae-design.com\/\"},{\"@type\":\"ListItem\",\"position\":2,\"name\":\"Shop\",\"item\":\"https:\/\/www.zae-design.com\/shop\/\"},{\"@type\":\"ListItem\",\"position\":3,\"name\":\"Trench ZA\u00cb x Hoker One\"}]},{\"@type\":\"WebSite\",\"@id\":\"https:\/\/www.zae-design.com\/#website\",\"url\":\"https:\/\/www.zae-design.com\/\",\"name\":\"ZA\u00cb-Design\",\"description\":\"ZA\u00cb entwirft Kleidung f\u00fcr multidisziplin\u00e4re Urbane Arts\",\"publisher\":{\"@id\":\"https:\/\/www.zae-design.com\/#organization\"},\"potentialAction\":[{\"@type\":\"SearchAction\",\"target\":{\"@type\":\"EntryPoint\",\"urlTemplate\":\"https:\/\/www.zae-design.com\/?s={search_term_string}\"},\"query-input\":{\"@type\":\"PropertyValueSpecification\",\"valueRequired\":true,\"valueName\":\"search_term_string\"}}],\"inLanguage\":\"de\"},{\"@type\":\"Organization\",\"@id\":\"https:\/\/www.zae-design.com\/#organization\",\"name\":\"ZA\u00cb\",\"url\":\"https:\/\/www.zae-design.com\/\",\"logo\":{\"@type\":\"ImageObject\",\"inLanguage\":\"de\",\"@id\":\"https:\/\/www.zae-design.com\/#\/schema\/logo\/image\/\",\"url\":\"https:\/\/www.zae-design.com\/wp-content\/uploads\/2023\/02\/ZAE-Logo.png\",\"contentUrl\":\"https:\/\/www.zae-design.com\/wp-content\/uploads\/2023\/02\/ZAE-Logo.png\",\"width\":837,\"height\":344,\"caption\":\"ZA\u00cb\"},\"image\":{\"@id\":\"https:\/\/www.zae-design.com\/#\/schema\/logo\/image\/\"},\"sameAs\":[\"https:\/\/www.facebook.com\/zaedesign.int\",\"https:\/\/www.instagram.com\/_zaedesign\/\"]}]}<\/script>\n<!-- \/ Yoast SEO plugin. -->","yoast_head_json":{"title":"Trench ZA\u00cb x Hoker One - ZA\u00cb-Design","robots":{"index":"index","follow":"follow","max-snippet":"max-snippet:-1","max-image-preview":"max-image-preview:large","max-video-preview":"max-video-preview:-1"},"canonical":"https:\/\/www.zae-design.com\/produkt\/trench-zae-x-hoker-one\/","og_locale":"de_DE","og_type":"article","og_title":"Trench ZA\u00cb x Hoker One - ZA\u00cb-Design","og_url":"https:\/\/www.zae-design.com\/produkt\/trench-zae-x-hoker-one\/","og_site_name":"ZA\u00cb-Design","article_publisher":"https:\/\/www.facebook.com\/zaedesign.int","article_modified_time":"2025-11-13T08:40:48+00:00","og_image":[{"width":1080,"height":1080,"url":"https:\/\/www.zae-design.com\/wp-content\/uploads\/2025\/07\/Zaexhoker_titelbild.jpg","type":"image\/jpeg"}],"twitter_card":"summary_large_image","twitter_misc":{"Gesch\u00e4tzte Lesezeit":"1\u00a0Minute"},"schema":{"@context":"https:\/\/schema.org","@graph":[{"@type":"WebPage","@id":"https:\/\/www.zae-design.com\/produkt\/trench-zae-x-hoker-one\/","url":"https:\/\/www.zae-design.com\/produkt\/trench-zae-x-hoker-one\/","name":"Trench ZA\u00cb x Hoker One - ZA\u00cb-Design","isPartOf":{"@id":"https:\/\/www.zae-design.com\/#website"},"primaryImageOfPage":{"@id":"https:\/\/www.zae-design.com\/produkt\/trench-zae-x-hoker-one\/#primaryimage"},"image":{"@id":"https:\/\/www.zae-design.com\/produkt\/trench-zae-x-hoker-one\/#primaryimage"},"thumbnailUrl":"https:\/\/www.zae-design.com\/wp-content\/uploads\/2025\/07\/Zaexhoker_titelbild.jpg","datePublished":"2025-07-16T22:09:45+00:00","dateModified":"2025-11-13T08:40:48+00:00","breadcrumb":{"@id":"https:\/\/www.zae-design.com\/produkt\/trench-zae-x-hoker-one\/#breadcrumb"},"inLanguage":"de","potentialAction":[{"@type":"ReadAction","target":["https:\/\/www.zae-design.com\/produkt\/trench-zae-x-hoker-one\/"]}]},{"@type":"ImageObject","inLanguage":"de","@id":"https:\/\/www.zae-design.com\/produkt\/trench-zae-x-hoker-one\/#primaryimage","url":"https:\/\/www.zae-design.com\/wp-content\/uploads\/2025\/07\/Zaexhoker_titelbild.jpg","contentUrl":"https:\/\/www.zae-design.com\/wp-content\/uploads\/2025\/07\/Zaexhoker_titelbild.jpg","width":1080,"height":1080},{"@type":"BreadcrumbList","@id":"https:\/\/www.zae-design.com\/produkt\/trench-zae-x-hoker-one\/#breadcrumb","itemListElement":[{"@type":"ListItem","position":1,"name":"Home","item":"https:\/\/www.zae-design.com\/"},{"@type":"ListItem","position":2,"name":"Shop","item":"https:\/\/www.zae-design.com\/shop\/"},{"@type":"ListItem","position":3,"name":"Trench ZA\u00cb x Hoker One"}]},{"@type":"WebSite","@id":"https:\/\/www.zae-design.com\/#website","url":"https:\/\/www.zae-design.com\/","name":"ZA\u00cb-Design","description":"ZA\u00cb entwirft Kleidung f\u00fcr multidisziplin\u00e4re Urbane Arts","publisher":{"@id":"https:\/\/www.zae-design.com\/#organization"},"potentialAction":[{"@type":"SearchAction","target":{"@type":"EntryPoint","urlTemplate":"https:\/\/www.zae-design.com\/?s={search_term_string}"},"query-input":{"@type":"PropertyValueSpecification","valueRequired":true,"valueName":"search_term_string"}}],"inLanguage":"de"},{"@type":"Organization","@id":"https:\/\/www.zae-design.com\/#organization","name":"ZA\u00cb","url":"https:\/\/www.zae-design.com\/","logo":{"@type":"ImageObject","inLanguage":"de","@id":"https:\/\/www.zae-design.com\/#\/schema\/logo\/image\/","url":"https:\/\/www.zae-design.com\/wp-content\/uploads\/2023\/02\/ZAE-Logo.png","contentUrl":"https:\/\/www.zae-design.com\/wp-content\/uploads\/2023\/02\/ZAE-Logo.png","width":837,"height":344,"caption":"ZA\u00cb"},"image":{"@id":"https:\/\/www.zae-design.com\/#\/schema\/logo\/image\/"},"sameAs":["https:\/\/www.facebook.com\/zaedesign.int","https:\/\/www.instagram.com\/_zaedesign\/"]}]}},"_links":{"self":[{"href":"https:\/\/www.zae-design.com\/de\/wp-json\/wp\/v2\/product\/2052","targetHints":{"allow":["GET"]}}],"collection":[{"href":"https:\/\/www.zae-design.com\/de\/wp-json\/wp\/v2\/product"}],"about":[{"href":"https:\/\/www.zae-design.com\/de\/wp-json\/wp\/v2\/types\/product"}],"replies":[{"embeddable":true,"href":"https:\/\/www.zae-design.com\/de\/wp-json\/wp\/v2\/comments?post=2052"}],"wp:featuredmedia":[{"embeddable":true,"href":"https:\/\/www.zae-design.com\/de\/wp-json\/wp\/v2\/media\/2309"}],"wp:attachment":[{"href":"https:\/\/www.zae-design.com\/de\/wp-json\/wp\/v2\/media?parent=2052"}],"wp:term":[{"taxonomy":"product_cat","embeddable":true,"href":"https:\/\/www.zae-design.com\/de\/wp-json\/wp\/v2\/product_cat?post=2052"},{"taxonomy":"product_tag","embeddable":true,"href":"https:\/\/www.zae-design.com\/de\/wp-json\/wp\/v2\/product_tag?post=2052"}],"curies":[{"name":"wp","href":"https:\/\/api.w.org\/{rel}","templated":true}]}}