{"id":2323,"date":"2025-12-12T11:21:40","date_gmt":"2025-12-12T11:21:40","guid":{"rendered":"https:\/\/www.zae-design.com\/?post_type=product&#038;p=2323"},"modified":"2026-01-13T08:24:00","modified_gmt":"2026-01-13T08:24:00","slug":"sable-du-sahara","status":"publish","type":"product","link":"https:\/\/www.zae-design.com\/de\/produkt\/sable-du-sahara\/","title":{"rendered":"Sable du Sahara"},"content":{"rendered":"","protected":false},"excerpt":{"rendered":"<p data-start=\"143\" data-end=\"287\"><strong data-start=\"143\" data-end=\"183\">Vintage Trench\u00a0<\/strong><br data-start=\"183\" data-end=\"186\" \/><strong data-start=\"878\" data-end=\"891\">Size: M<\/strong><br data-start=\"183\" data-end=\"186\" \/><strong data-start=\"878\" data-end=\"891\"> Length: coming soon<\/strong><br data-start=\"223\" data-end=\"226\" \/><strong data-start=\"226\" data-end=\"243\">Colour: Sand<\/strong><\/p>\n<p data-start=\"289\" data-end=\"674\">Beautiful vintage coat with an unusual cut for a Trench.<\/p>\n<p data-start=\"676\" data-end=\"946\"><b>Sable du Sahara<\/b><br data-start=\"698\" data-end=\"701\" \/>is an abstract picture of a magnificent mountain and see landscape. Representing the memories of a day in nature. In the inside of the coat you can find an entire map of Africa. It&#8217;s a really special and unique coat which has some trench-coat characteristics. But it&#8217;s unique in its own way.<\/p>\n","protected":false},"featured_media":2324,"comment_status":"open","ping_status":"closed","template":"","meta":[],"product_cat":[53,54,56],"product_tag":[],"class_list":["post-2323","product","type-product","status-publish","has-post-thumbnail","hentry","product_cat-coat","product_cat-jacket","product_cat-trench-coat"],"translation":{"provider":"WPGlobus","version":"3.0.0","language":"de","enabled_languages":["en","de","fr"],"languages":{"en":{"title":true,"content":false,"excerpt":true},"de":{"title":false,"content":false,"excerpt":false},"fr":{"title":false,"content":false,"excerpt":false}}},"yoast_head":"<!-- This site is optimized with the Yoast SEO plugin v23.5 - https:\/\/yoast.com\/wordpress\/plugins\/seo\/ -->\n<title>Sable du Sahara - ZA\u00cb-Design<\/title>\n<meta name=\"robots\" content=\"index, follow, max-snippet:-1, max-image-preview:large, max-video-preview:-1\" \/>\n<link rel=\"canonical\" href=\"https:\/\/www.zae-design.com\/produkt\/sable-du-sahara\/\" \/>\n<meta property=\"og:locale\" content=\"de_DE\" \/>\n<meta property=\"og:type\" content=\"article\" \/>\n<meta property=\"og:title\" content=\"Sable du Sahara - ZA\u00cb-Design\" \/>\n<meta property=\"og:url\" content=\"https:\/\/www.zae-design.com\/produkt\/sable-du-sahara\/\" \/>\n<meta property=\"og:site_name\" content=\"ZA\u00cb-Design\" \/>\n<meta property=\"article:publisher\" content=\"https:\/\/www.facebook.com\/zaedesign.int\" \/>\n<meta property=\"article:modified_time\" content=\"2026-01-13T08:24:00+00:00\" \/>\n<meta property=\"og:image\" content=\"https:\/\/www.zae-design.com\/wp-content\/uploads\/2025\/12\/DSCF9609-scaled.jpg\" \/>\n\t<meta property=\"og:image:width\" content=\"2560\" \/>\n\t<meta property=\"og:image:height\" content=\"1444\" \/>\n\t<meta property=\"og:image:type\" content=\"image\/jpeg\" \/>\n<meta name=\"twitter:card\" content=\"summary_large_image\" \/>\n<meta name=\"twitter:label1\" content=\"Gesch\u00e4tzte Lesezeit\" \/>\n\t<meta name=\"twitter:data1\" content=\"1\u00a0Minute\" \/>\n<script type=\"application\/ld+json\" class=\"yoast-schema-graph\">{\"@context\":\"https:\/\/schema.org\",\"@graph\":[{\"@type\":\"WebPage\",\"@id\":\"https:\/\/www.zae-design.com\/produkt\/sable-du-sahara\/\",\"url\":\"https:\/\/www.zae-design.com\/produkt\/sable-du-sahara\/\",\"name\":\"Sable du Sahara - ZA\u00cb-Design\",\"isPartOf\":{\"@id\":\"https:\/\/www.zae-design.com\/#website\"},\"primaryImageOfPage\":{\"@id\":\"https:\/\/www.zae-design.com\/produkt\/sable-du-sahara\/#primaryimage\"},\"image\":{\"@id\":\"https:\/\/www.zae-design.com\/produkt\/sable-du-sahara\/#primaryimage\"},\"thumbnailUrl\":\"https:\/\/www.zae-design.com\/wp-content\/uploads\/2025\/12\/DSCF9609-scaled.jpg\",\"datePublished\":\"2025-12-12T11:21:40+00:00\",\"dateModified\":\"2026-01-13T08:24:00+00:00\",\"breadcrumb\":{\"@id\":\"https:\/\/www.zae-design.com\/produkt\/sable-du-sahara\/#breadcrumb\"},\"inLanguage\":\"de\",\"potentialAction\":[{\"@type\":\"ReadAction\",\"target\":[\"https:\/\/www.zae-design.com\/produkt\/sable-du-sahara\/\"]}]},{\"@type\":\"ImageObject\",\"inLanguage\":\"de\",\"@id\":\"https:\/\/www.zae-design.com\/produkt\/sable-du-sahara\/#primaryimage\",\"url\":\"https:\/\/www.zae-design.com\/wp-content\/uploads\/2025\/12\/DSCF9609-scaled.jpg\",\"contentUrl\":\"https:\/\/www.zae-design.com\/wp-content\/uploads\/2025\/12\/DSCF9609-scaled.jpg\",\"width\":2560,\"height\":1444},{\"@type\":\"BreadcrumbList\",\"@id\":\"https:\/\/www.zae-design.com\/produkt\/sable-du-sahara\/#breadcrumb\",\"itemListElement\":[{\"@type\":\"ListItem\",\"position\":1,\"name\":\"Home\",\"item\":\"https:\/\/www.zae-design.com\/\"},{\"@type\":\"ListItem\",\"position\":2,\"name\":\"Shop\",\"item\":\"https:\/\/www.zae-design.com\/shop\/\"},{\"@type\":\"ListItem\",\"position\":3,\"name\":\"Sable du Sahara\"}]},{\"@type\":\"WebSite\",\"@id\":\"https:\/\/www.zae-design.com\/#website\",\"url\":\"https:\/\/www.zae-design.com\/\",\"name\":\"ZA\u00cb-Design\",\"description\":\"ZA\u00cb entwirft Kleidung f\u00fcr multidisziplin\u00e4re Urbane Arts\",\"publisher\":{\"@id\":\"https:\/\/www.zae-design.com\/#organization\"},\"potentialAction\":[{\"@type\":\"SearchAction\",\"target\":{\"@type\":\"EntryPoint\",\"urlTemplate\":\"https:\/\/www.zae-design.com\/?s={search_term_string}\"},\"query-input\":{\"@type\":\"PropertyValueSpecification\",\"valueRequired\":true,\"valueName\":\"search_term_string\"}}],\"inLanguage\":\"de\"},{\"@type\":\"Organization\",\"@id\":\"https:\/\/www.zae-design.com\/#organization\",\"name\":\"ZA\u00cb\",\"url\":\"https:\/\/www.zae-design.com\/\",\"logo\":{\"@type\":\"ImageObject\",\"inLanguage\":\"de\",\"@id\":\"https:\/\/www.zae-design.com\/#\/schema\/logo\/image\/\",\"url\":\"https:\/\/www.zae-design.com\/wp-content\/uploads\/2023\/02\/ZAE-Logo.png\",\"contentUrl\":\"https:\/\/www.zae-design.com\/wp-content\/uploads\/2023\/02\/ZAE-Logo.png\",\"width\":837,\"height\":344,\"caption\":\"ZA\u00cb\"},\"image\":{\"@id\":\"https:\/\/www.zae-design.com\/#\/schema\/logo\/image\/\"},\"sameAs\":[\"https:\/\/www.facebook.com\/zaedesign.int\",\"https:\/\/www.instagram.com\/_zaedesign\/\"]}]}<\/script>\n<!-- \/ Yoast SEO plugin. -->","yoast_head_json":{"title":"Sable du Sahara - ZA\u00cb-Design","robots":{"index":"index","follow":"follow","max-snippet":"max-snippet:-1","max-image-preview":"max-image-preview:large","max-video-preview":"max-video-preview:-1"},"canonical":"https:\/\/www.zae-design.com\/produkt\/sable-du-sahara\/","og_locale":"de_DE","og_type":"article","og_title":"Sable du Sahara - ZA\u00cb-Design","og_url":"https:\/\/www.zae-design.com\/produkt\/sable-du-sahara\/","og_site_name":"ZA\u00cb-Design","article_publisher":"https:\/\/www.facebook.com\/zaedesign.int","article_modified_time":"2026-01-13T08:24:00+00:00","og_image":[{"width":2560,"height":1444,"url":"https:\/\/www.zae-design.com\/wp-content\/uploads\/2025\/12\/DSCF9609-scaled.jpg","type":"image\/jpeg"}],"twitter_card":"summary_large_image","twitter_misc":{"Gesch\u00e4tzte Lesezeit":"1\u00a0Minute"},"schema":{"@context":"https:\/\/schema.org","@graph":[{"@type":"WebPage","@id":"https:\/\/www.zae-design.com\/produkt\/sable-du-sahara\/","url":"https:\/\/www.zae-design.com\/produkt\/sable-du-sahara\/","name":"Sable du Sahara - ZA\u00cb-Design","isPartOf":{"@id":"https:\/\/www.zae-design.com\/#website"},"primaryImageOfPage":{"@id":"https:\/\/www.zae-design.com\/produkt\/sable-du-sahara\/#primaryimage"},"image":{"@id":"https:\/\/www.zae-design.com\/produkt\/sable-du-sahara\/#primaryimage"},"thumbnailUrl":"https:\/\/www.zae-design.com\/wp-content\/uploads\/2025\/12\/DSCF9609-scaled.jpg","datePublished":"2025-12-12T11:21:40+00:00","dateModified":"2026-01-13T08:24:00+00:00","breadcrumb":{"@id":"https:\/\/www.zae-design.com\/produkt\/sable-du-sahara\/#breadcrumb"},"inLanguage":"de","potentialAction":[{"@type":"ReadAction","target":["https:\/\/www.zae-design.com\/produkt\/sable-du-sahara\/"]}]},{"@type":"ImageObject","inLanguage":"de","@id":"https:\/\/www.zae-design.com\/produkt\/sable-du-sahara\/#primaryimage","url":"https:\/\/www.zae-design.com\/wp-content\/uploads\/2025\/12\/DSCF9609-scaled.jpg","contentUrl":"https:\/\/www.zae-design.com\/wp-content\/uploads\/2025\/12\/DSCF9609-scaled.jpg","width":2560,"height":1444},{"@type":"BreadcrumbList","@id":"https:\/\/www.zae-design.com\/produkt\/sable-du-sahara\/#breadcrumb","itemListElement":[{"@type":"ListItem","position":1,"name":"Home","item":"https:\/\/www.zae-design.com\/"},{"@type":"ListItem","position":2,"name":"Shop","item":"https:\/\/www.zae-design.com\/shop\/"},{"@type":"ListItem","position":3,"name":"Sable du Sahara"}]},{"@type":"WebSite","@id":"https:\/\/www.zae-design.com\/#website","url":"https:\/\/www.zae-design.com\/","name":"ZA\u00cb-Design","description":"ZA\u00cb entwirft Kleidung f\u00fcr multidisziplin\u00e4re Urbane Arts","publisher":{"@id":"https:\/\/www.zae-design.com\/#organization"},"potentialAction":[{"@type":"SearchAction","target":{"@type":"EntryPoint","urlTemplate":"https:\/\/www.zae-design.com\/?s={search_term_string}"},"query-input":{"@type":"PropertyValueSpecification","valueRequired":true,"valueName":"search_term_string"}}],"inLanguage":"de"},{"@type":"Organization","@id":"https:\/\/www.zae-design.com\/#organization","name":"ZA\u00cb","url":"https:\/\/www.zae-design.com\/","logo":{"@type":"ImageObject","inLanguage":"de","@id":"https:\/\/www.zae-design.com\/#\/schema\/logo\/image\/","url":"https:\/\/www.zae-design.com\/wp-content\/uploads\/2023\/02\/ZAE-Logo.png","contentUrl":"https:\/\/www.zae-design.com\/wp-content\/uploads\/2023\/02\/ZAE-Logo.png","width":837,"height":344,"caption":"ZA\u00cb"},"image":{"@id":"https:\/\/www.zae-design.com\/#\/schema\/logo\/image\/"},"sameAs":["https:\/\/www.facebook.com\/zaedesign.int","https:\/\/www.instagram.com\/_zaedesign\/"]}]}},"_links":{"self":[{"href":"https:\/\/www.zae-design.com\/de\/wp-json\/wp\/v2\/product\/2323","targetHints":{"allow":["GET"]}}],"collection":[{"href":"https:\/\/www.zae-design.com\/de\/wp-json\/wp\/v2\/product"}],"about":[{"href":"https:\/\/www.zae-design.com\/de\/wp-json\/wp\/v2\/types\/product"}],"replies":[{"embeddable":true,"href":"https:\/\/www.zae-design.com\/de\/wp-json\/wp\/v2\/comments?post=2323"}],"wp:featuredmedia":[{"embeddable":true,"href":"https:\/\/www.zae-design.com\/de\/wp-json\/wp\/v2\/media\/2324"}],"wp:attachment":[{"href":"https:\/\/www.zae-design.com\/de\/wp-json\/wp\/v2\/media?parent=2323"}],"wp:term":[{"taxonomy":"product_cat","embeddable":true,"href":"https:\/\/www.zae-design.com\/de\/wp-json\/wp\/v2\/product_cat?post=2323"},{"taxonomy":"product_tag","embeddable":true,"href":"https:\/\/www.zae-design.com\/de\/wp-json\/wp\/v2\/product_tag?post=2323"}],"curies":[{"name":"wp","href":"https:\/\/api.w.org\/{rel}","templated":true}]}}