{"id":2343,"date":"2025-12-18T19:12:22","date_gmt":"2025-12-18T19:12:22","guid":{"rendered":"https:\/\/www.zae-design.com\/?post_type=product&#038;p=2343"},"modified":"2025-12-18T19:12:22","modified_gmt":"2025-12-18T19:12:22","slug":"red-stone-brick","status":"publish","type":"product","link":"https:\/\/www.zae-design.com\/de\/produkt\/red-stone-brick\/","title":{"rendered":"Red Stone Brick"},"content":{"rendered":"","protected":false},"excerpt":{"rendered":"<p data-start=\"143\" data-end=\"287\"><strong data-start=\"143\" data-end=\"183\">Vintage Trench\u00a0<\/strong><br data-start=\"183\" data-end=\"186\" \/><strong data-start=\"878\" data-end=\"891\">Size: S\/M<\/strong><br data-start=\"183\" data-end=\"186\" \/><strong data-start=\"878\" data-end=\"891\"> Length: coming soon<\/strong><br data-start=\"223\" data-end=\"226\" \/><strong data-start=\"226\" data-end=\"243\">Colour: Brick Red<\/strong><\/p>\n<p data-start=\"289\" data-end=\"674\">Beautiful vintage coat made in Switzerland and found in Naples.<\/p>\n<p data-start=\"676\" data-end=\"946\"><b>Red Stone Brick<\/b><\/p>\n<p data-start=\"676\" data-end=\"946\">the name of the coat refers on the one hand to its colour and on the other hand on its production place which is Switzerland. The red is relating to some ancient red stone buildings and the classical swiss knife. The colour red is also part of the flag of the italien city Napels (flag in yellow and red), where this vintage coat was found.<\/p>\n<p data-start=\"676\" data-end=\"946\">As part of the sketchbook collection different types of pictures and hand drawings are printed on the coat with the Katagami printing Technic. Encompassing the woman-lioness drawing, a waterfall from the other side of the world, a house in the mountains of Nepal &#8211; which could also be somewhere in the mountains of Switzerland and a drawing of some waterlily&#8217;s which are adding a more natural part to it.<\/p>\n","protected":false},"featured_media":2337,"comment_status":"open","ping_status":"closed","template":"","meta":[],"product_cat":[15],"product_tag":[],"class_list":["post-2343","product","type-product","status-publish","has-post-thumbnail","hentry","product_cat-unkategorisiert"],"translation":{"provider":"WPGlobus","version":"3.0.0","language":"de","enabled_languages":["en","de","fr"],"languages":{"en":{"title":true,"content":false,"excerpt":true},"de":{"title":false,"content":false,"excerpt":false},"fr":{"title":false,"content":false,"excerpt":false}}},"yoast_head":"<!-- This site is optimized with the Yoast SEO plugin v23.5 - https:\/\/yoast.com\/wordpress\/plugins\/seo\/ -->\n<title>Red Stone Brick - ZA\u00cb-Design<\/title>\n<meta name=\"robots\" content=\"index, follow, max-snippet:-1, max-image-preview:large, max-video-preview:-1\" \/>\n<link rel=\"canonical\" href=\"https:\/\/www.zae-design.com\/produkt\/red-stone-brick\/\" \/>\n<meta property=\"og:locale\" content=\"de_DE\" \/>\n<meta property=\"og:type\" content=\"article\" \/>\n<meta property=\"og:title\" content=\"Red Stone Brick - ZA\u00cb-Design\" \/>\n<meta property=\"og:url\" content=\"https:\/\/www.zae-design.com\/produkt\/red-stone-brick\/\" \/>\n<meta property=\"og:site_name\" content=\"ZA\u00cb-Design\" \/>\n<meta property=\"article:publisher\" content=\"https:\/\/www.facebook.com\/zaedesign.int\" \/>\n<meta property=\"og:image\" content=\"https:\/\/www.zae-design.com\/wp-content\/uploads\/2025\/12\/DSCF9477-scaled.jpg\" \/>\n\t<meta property=\"og:image:width\" content=\"1444\" \/>\n\t<meta property=\"og:image:height\" content=\"2560\" \/>\n\t<meta property=\"og:image:type\" content=\"image\/jpeg\" \/>\n<meta name=\"twitter:card\" content=\"summary_large_image\" \/>\n<meta name=\"twitter:label1\" content=\"Gesch\u00e4tzte Lesezeit\" \/>\n\t<meta name=\"twitter:data1\" content=\"1\u00a0Minute\" \/>\n<script type=\"application\/ld+json\" class=\"yoast-schema-graph\">{\"@context\":\"https:\/\/schema.org\",\"@graph\":[{\"@type\":\"WebPage\",\"@id\":\"https:\/\/www.zae-design.com\/produkt\/red-stone-brick\/\",\"url\":\"https:\/\/www.zae-design.com\/produkt\/red-stone-brick\/\",\"name\":\"Red Stone Brick - ZA\u00cb-Design\",\"isPartOf\":{\"@id\":\"https:\/\/www.zae-design.com\/#website\"},\"primaryImageOfPage\":{\"@id\":\"https:\/\/www.zae-design.com\/produkt\/red-stone-brick\/#primaryimage\"},\"image\":{\"@id\":\"https:\/\/www.zae-design.com\/produkt\/red-stone-brick\/#primaryimage\"},\"thumbnailUrl\":\"https:\/\/www.zae-design.com\/wp-content\/uploads\/2025\/12\/DSCF9477-scaled.jpg\",\"datePublished\":\"2025-12-18T19:12:22+00:00\",\"dateModified\":\"2025-12-18T19:12:22+00:00\",\"breadcrumb\":{\"@id\":\"https:\/\/www.zae-design.com\/produkt\/red-stone-brick\/#breadcrumb\"},\"inLanguage\":\"de\",\"potentialAction\":[{\"@type\":\"ReadAction\",\"target\":[\"https:\/\/www.zae-design.com\/produkt\/red-stone-brick\/\"]}]},{\"@type\":\"ImageObject\",\"inLanguage\":\"de\",\"@id\":\"https:\/\/www.zae-design.com\/produkt\/red-stone-brick\/#primaryimage\",\"url\":\"https:\/\/www.zae-design.com\/wp-content\/uploads\/2025\/12\/DSCF9477-scaled.jpg\",\"contentUrl\":\"https:\/\/www.zae-design.com\/wp-content\/uploads\/2025\/12\/DSCF9477-scaled.jpg\",\"width\":1444,\"height\":2560},{\"@type\":\"BreadcrumbList\",\"@id\":\"https:\/\/www.zae-design.com\/produkt\/red-stone-brick\/#breadcrumb\",\"itemListElement\":[{\"@type\":\"ListItem\",\"position\":1,\"name\":\"Home\",\"item\":\"https:\/\/www.zae-design.com\/\"},{\"@type\":\"ListItem\",\"position\":2,\"name\":\"Shop\",\"item\":\"https:\/\/www.zae-design.com\/shop\/\"},{\"@type\":\"ListItem\",\"position\":3,\"name\":\"Red Stone Brick\"}]},{\"@type\":\"WebSite\",\"@id\":\"https:\/\/www.zae-design.com\/#website\",\"url\":\"https:\/\/www.zae-design.com\/\",\"name\":\"ZA\u00cb-Design\",\"description\":\"ZA\u00cb entwirft Kleidung f\u00fcr multidisziplin\u00e4re Urbane Arts\",\"publisher\":{\"@id\":\"https:\/\/www.zae-design.com\/#organization\"},\"potentialAction\":[{\"@type\":\"SearchAction\",\"target\":{\"@type\":\"EntryPoint\",\"urlTemplate\":\"https:\/\/www.zae-design.com\/?s={search_term_string}\"},\"query-input\":{\"@type\":\"PropertyValueSpecification\",\"valueRequired\":true,\"valueName\":\"search_term_string\"}}],\"inLanguage\":\"de\"},{\"@type\":\"Organization\",\"@id\":\"https:\/\/www.zae-design.com\/#organization\",\"name\":\"ZA\u00cb\",\"url\":\"https:\/\/www.zae-design.com\/\",\"logo\":{\"@type\":\"ImageObject\",\"inLanguage\":\"de\",\"@id\":\"https:\/\/www.zae-design.com\/#\/schema\/logo\/image\/\",\"url\":\"https:\/\/www.zae-design.com\/wp-content\/uploads\/2023\/02\/ZAE-Logo.png\",\"contentUrl\":\"https:\/\/www.zae-design.com\/wp-content\/uploads\/2023\/02\/ZAE-Logo.png\",\"width\":837,\"height\":344,\"caption\":\"ZA\u00cb\"},\"image\":{\"@id\":\"https:\/\/www.zae-design.com\/#\/schema\/logo\/image\/\"},\"sameAs\":[\"https:\/\/www.facebook.com\/zaedesign.int\",\"https:\/\/www.instagram.com\/_zaedesign\/\"]}]}<\/script>\n<!-- \/ Yoast SEO plugin. -->","yoast_head_json":{"title":"Red Stone Brick - ZA\u00cb-Design","robots":{"index":"index","follow":"follow","max-snippet":"max-snippet:-1","max-image-preview":"max-image-preview:large","max-video-preview":"max-video-preview:-1"},"canonical":"https:\/\/www.zae-design.com\/produkt\/red-stone-brick\/","og_locale":"de_DE","og_type":"article","og_title":"Red Stone Brick - ZA\u00cb-Design","og_url":"https:\/\/www.zae-design.com\/produkt\/red-stone-brick\/","og_site_name":"ZA\u00cb-Design","article_publisher":"https:\/\/www.facebook.com\/zaedesign.int","og_image":[{"width":1444,"height":2560,"url":"https:\/\/www.zae-design.com\/wp-content\/uploads\/2025\/12\/DSCF9477-scaled.jpg","type":"image\/jpeg"}],"twitter_card":"summary_large_image","twitter_misc":{"Gesch\u00e4tzte Lesezeit":"1\u00a0Minute"},"schema":{"@context":"https:\/\/schema.org","@graph":[{"@type":"WebPage","@id":"https:\/\/www.zae-design.com\/produkt\/red-stone-brick\/","url":"https:\/\/www.zae-design.com\/produkt\/red-stone-brick\/","name":"Red Stone Brick - ZA\u00cb-Design","isPartOf":{"@id":"https:\/\/www.zae-design.com\/#website"},"primaryImageOfPage":{"@id":"https:\/\/www.zae-design.com\/produkt\/red-stone-brick\/#primaryimage"},"image":{"@id":"https:\/\/www.zae-design.com\/produkt\/red-stone-brick\/#primaryimage"},"thumbnailUrl":"https:\/\/www.zae-design.com\/wp-content\/uploads\/2025\/12\/DSCF9477-scaled.jpg","datePublished":"2025-12-18T19:12:22+00:00","dateModified":"2025-12-18T19:12:22+00:00","breadcrumb":{"@id":"https:\/\/www.zae-design.com\/produkt\/red-stone-brick\/#breadcrumb"},"inLanguage":"de","potentialAction":[{"@type":"ReadAction","target":["https:\/\/www.zae-design.com\/produkt\/red-stone-brick\/"]}]},{"@type":"ImageObject","inLanguage":"de","@id":"https:\/\/www.zae-design.com\/produkt\/red-stone-brick\/#primaryimage","url":"https:\/\/www.zae-design.com\/wp-content\/uploads\/2025\/12\/DSCF9477-scaled.jpg","contentUrl":"https:\/\/www.zae-design.com\/wp-content\/uploads\/2025\/12\/DSCF9477-scaled.jpg","width":1444,"height":2560},{"@type":"BreadcrumbList","@id":"https:\/\/www.zae-design.com\/produkt\/red-stone-brick\/#breadcrumb","itemListElement":[{"@type":"ListItem","position":1,"name":"Home","item":"https:\/\/www.zae-design.com\/"},{"@type":"ListItem","position":2,"name":"Shop","item":"https:\/\/www.zae-design.com\/shop\/"},{"@type":"ListItem","position":3,"name":"Red Stone Brick"}]},{"@type":"WebSite","@id":"https:\/\/www.zae-design.com\/#website","url":"https:\/\/www.zae-design.com\/","name":"ZA\u00cb-Design","description":"ZA\u00cb entwirft Kleidung f\u00fcr multidisziplin\u00e4re Urbane Arts","publisher":{"@id":"https:\/\/www.zae-design.com\/#organization"},"potentialAction":[{"@type":"SearchAction","target":{"@type":"EntryPoint","urlTemplate":"https:\/\/www.zae-design.com\/?s={search_term_string}"},"query-input":{"@type":"PropertyValueSpecification","valueRequired":true,"valueName":"search_term_string"}}],"inLanguage":"de"},{"@type":"Organization","@id":"https:\/\/www.zae-design.com\/#organization","name":"ZA\u00cb","url":"https:\/\/www.zae-design.com\/","logo":{"@type":"ImageObject","inLanguage":"de","@id":"https:\/\/www.zae-design.com\/#\/schema\/logo\/image\/","url":"https:\/\/www.zae-design.com\/wp-content\/uploads\/2023\/02\/ZAE-Logo.png","contentUrl":"https:\/\/www.zae-design.com\/wp-content\/uploads\/2023\/02\/ZAE-Logo.png","width":837,"height":344,"caption":"ZA\u00cb"},"image":{"@id":"https:\/\/www.zae-design.com\/#\/schema\/logo\/image\/"},"sameAs":["https:\/\/www.facebook.com\/zaedesign.int","https:\/\/www.instagram.com\/_zaedesign\/"]}]}},"_links":{"self":[{"href":"https:\/\/www.zae-design.com\/de\/wp-json\/wp\/v2\/product\/2343","targetHints":{"allow":["GET"]}}],"collection":[{"href":"https:\/\/www.zae-design.com\/de\/wp-json\/wp\/v2\/product"}],"about":[{"href":"https:\/\/www.zae-design.com\/de\/wp-json\/wp\/v2\/types\/product"}],"replies":[{"embeddable":true,"href":"https:\/\/www.zae-design.com\/de\/wp-json\/wp\/v2\/comments?post=2343"}],"wp:featuredmedia":[{"embeddable":true,"href":"https:\/\/www.zae-design.com\/de\/wp-json\/wp\/v2\/media\/2337"}],"wp:attachment":[{"href":"https:\/\/www.zae-design.com\/de\/wp-json\/wp\/v2\/media?parent=2343"}],"wp:term":[{"taxonomy":"product_cat","embeddable":true,"href":"https:\/\/www.zae-design.com\/de\/wp-json\/wp\/v2\/product_cat?post=2343"},{"taxonomy":"product_tag","embeddable":true,"href":"https:\/\/www.zae-design.com\/de\/wp-json\/wp\/v2\/product_tag?post=2343"}],"curies":[{"name":"wp","href":"https:\/\/api.w.org\/{rel}","templated":true}]}}