{"id":224,"date":"2021-02-28T17:00:26","date_gmt":"2021-02-28T17:00:26","guid":{"rendered":"http:\/\/zae-design.com\/data-security\/"},"modified":"2021-04-02T11:45:52","modified_gmt":"2021-04-02T11:45:52","slug":"data-security","status":"publish","type":"page","link":"https:\/\/www.zae-design.com\/fr\/data-security\/","title":{"rendered":"Data Security Statement"},"content":{"rendered":"\n<h1 class=\"wp-block-heading\">Politique de confidentialit\u00e9<\/h1>\n\n\n\n<p>La personne responsable en termes de lois sur la protection des donn\u00e9es, en particulier le r\u00e8glement g\u00e9n\u00e9ral de l&#8217;UE sur la protection des donn\u00e9es (RGPD), est:<\/p>\n\n\n\n<p>Marlene Braach<\/p>\n\n\n\n<h2 class=\"wp-block-heading\">Vos droits de personne concern\u00e9e<\/h2>\n\n\n\n<p>Vous pouvez exercer les droits suivants \u00e0 tout moment en utilisant les coordonn\u00e9es fournies par notre d\u00e9l\u00e9gu\u00e9 \u00e0 la protection des donn\u00e9es :<\/p>\n\n\n\n<ul class=\"wp-block-list\"><li>Information sur vos donn\u00e9es stock\u00e9es par nous et leur traitement (art. 15 DSGVO),<\/li><li>Correction des donn\u00e9es personnelles incorrectes (art. 16 DSGVO),<\/li><li>Suppression de vos donn\u00e9es stock\u00e9es par nous (art. 17 DSGVO),<\/li><li>Restriction du traitement des donn\u00e9es si nous ne sommes pas encore autoris\u00e9s \u00e0 supprimer vos donn\u00e9es en raison d&#8217;obligations l\u00e9gales (art. 18 DSGVO),<\/li><li>Objection au traitement de vos donn\u00e9es par nous (art. 21 DSGVO) et<\/li><li>La portabilit\u00e9 des donn\u00e9es, dans la mesure o\u00f9 vous avez consenti au traitement des donn\u00e9es ou avez sign\u00e9 un contrat avec nous (art. 20 DSGVO).<\/li><\/ul>\n\n\n\n<p>Si vous nous avez donn\u00e9 votre consentement, vous pouvez le r\u00e9voquer \u00e0 tout moment avec effet pour l&#8217;avenir.<br><\/p>\n\n\n\n<p>Vous pouvez \u00e0 tout moment d\u00e9poser une plainte aupr\u00e8s d&#8217;une autorit\u00e9 de surveillance, par exemple l&#8217;autorit\u00e9 de surveillance comp\u00e9tente dans l&#8217;\u00c9tat f\u00e9d\u00e9ral de votre r\u00e9sidence ou l&#8217;autorit\u00e9 responsable pour nous en tant que responsable du traitement.<\/p>\n\n\n\n<p>Une liste des autorit\u00e9s de contr\u00f4le (pour le secteur non public) avec adresse se trouve sur : <a rel=\"noreferrer noopener\" href=\"https:\/\/www.bfdi.bund.de\/DE\/Infothek\/Anschriften_Links\/anschriften_links-node.html\" target=\"_blank\">https:\/\/www.bfdi.bund.de\/DE\/Infothek\/Anschriften_Links\/anschriften_links-node.html<\/a>.<\/p>\n\n\n\n<h2 class=\"wp-block-heading\">Collecte d&#8217;informations g\u00e9n\u00e9rales lors de la visite de notre site web<\/h2>\n\n\n\n<p>.<\/p>\n\n\n\n<h3 class=\"wp-block-heading\">Nature et finalit\u00e9 du traitement :<\/h3>\n\n\n\n<p>Lorsque vous acc\u00e9dez \u00e0 notre site web, c&#8217;est-\u00e0-dire lorsque vous ne vous enregistrez pas ou ne soumettez pas d&#8217;autres informations, des informations de nature g\u00e9n\u00e9rale sont automatiquement collect\u00e9es. Ces informations (fichiers journaux du serveur) comprennent, par exemple, le type de navigateur web, le syst\u00e8me d&#8217;exploitation utilis\u00e9, le nom de domaine de votre fournisseur d&#8217;acc\u00e8s \u00e0 Internet, votre adresse IP et autres.<\/p>\n\n\n\n<p>En particulier, elles sont trait\u00e9es aux fins suivantes :<\/p>\n\n\n\n<ul class=\"wp-block-list\"><li>Assurer le bon d\u00e9roulement de la configuration de la connexion au site web,<\/li><li>Assurer le bon d\u00e9roulement de l&#8217;utilisation de notre site web,<\/li><li>Evaluer la s\u00e9curit\u00e9 et la stabilit\u00e9 du syst\u00e8me, et<\/li><li>Pour optimiser notre site web.<\/li><\/ul>\n\n\n\n<p>Nous n&#8217;utilisons pas vos donn\u00e9es pour tirer des conclusions sur votre personne. Les informations de ce type sont \u00e9valu\u00e9es statistiquement de mani\u00e8re anonyme par nos soins, si n\u00e9cessaire, afin d&#8217;optimiser notre site web et la technologie qui le sous-tend.<\/p>\n\n\n\n<p>.<\/p>\n\n\n\n<h3 class=\"wp-block-heading\">Base l\u00e9gale et int\u00e9r\u00eat l\u00e9gitime :<\/h3>\n\n\n\n<p>Le traitement est effectu\u00e9 conform\u00e9ment \u00e0 l&#8217;art. 6 (1) lit. f DSGVO sur la base de notre int\u00e9r\u00eat l\u00e9gitime \u00e0 am\u00e9liorer la stabilit\u00e9 et la fonctionnalit\u00e9 de notre site internet.<\/p>\n\n\n\n<h3 class=\"wp-block-heading\">Destinataires :<\/h3>\n\n\n\n<p>Les destinataires des donn\u00e9es peuvent \u00eatre des prestataires de services techniques qui agissent en tant que processeurs de commandes pour l&#8217;exploitation et la maintenance de notre site web.<\/p>\n\n\n\n<h3 class=\"wp-block-heading\">Dur\u00e9e de conservation:<\/h3>\n\n\n\n<p>Les donn\u00e9es sont supprim\u00e9es d\u00e8s qu&#8217;elles ne sont plus n\u00e9cessaires \u00e0 la finalit\u00e9 pour laquelle elles ont \u00e9t\u00e9 collect\u00e9es. C&#8217;est g\u00e9n\u00e9ralement le cas pour les donn\u00e9es utilis\u00e9es pour la mise \u00e0 disposition du site web lorsque la session respective est termin\u00e9e.<\/p>\n\n\n\n<p>Il s&#8217;agit d&#8217;une dur\u00e9e de conservation de deux ans.<\/p>\n\n\n\n<h3 class=\"wp-block-heading\">Prestation prescrite ou requise:<\/h3>\n\n\n\n<p>La fourniture des donn\u00e9es \u00e0 caract\u00e8re personnel susmentionn\u00e9es n&#8217;est ni prescrite l\u00e9galement ni contractuellement. Toutefois, sans l&#8217;adresse IP, le service et la fonctionnalit\u00e9 de notre site web ne peuvent \u00eatre garantis. En outre, certains services et prestations peuvent ne pas \u00eatre disponibles ou \u00eatre limit\u00e9s. Pour cette raison, une objection est exclue.<\/p>\n\n\n\n<h2 class=\"wp-block-heading\">Cookies<\/h2>\n\n\n\n<p>Comme de nombreux autres sites web, nous utilisons \u00e9galement ce que l&#8217;on appelle des &#8220;cookies&#8221;. Les cookies sont de petits fichiers texte qui sont stock\u00e9s sur votre appareil final (ordinateur portable, tablette, smartphone ou similaire) lorsque vous visitez notre site web.<\/p>\n\n\n\n<p>Vous pouvez supprimer des cookies individuels ou l&#8217;ensemble de l&#8217;inventaire des cookies. En outre, vous recevrez des informations et des instructions sur la mani\u00e8re de supprimer ces cookies ou de bloquer leur stockage \u00e0 l&#8217;avance. Selon le fournisseur de votre navigateur, vous trouverez les informations n\u00e9cessaires sous les liens suivants :<\/p>\n\n\n\n<ul class=\"wp-block-list\"><li>Mozilla Firefox : <a rel=\"noreferrer noopener\" href=\"https:\/\/support.mozilla.org\/de\/kb\/cookies-loeschen-daten-von-websites-entfernen\" target=\"_blank\">https:\/\/support.mozilla.org\/de\/kb\/cookies-loeschen-daten-von-websites-entfernen<\/a><\/li><li>Internet Explorer : <a rel=\"noreferrer noopener\" href=\"https:\/\/support.microsoft.com\/de-de\/help\/17442\/windows-internet-explorer-delete-manage-cookies\" target=\"_blank\">https:\/\/support.microsoft.com\/de-de\/help\/17442\/windows-internet-explorer-delete-manage-cookies<\/a><\/li><li>Google Chrome : <a rel=\"noreferrer noopener\" href=\"https:\/\/support.google.com\/accounts\/answer\/61416?hl=de\" target=\"_blank\">https:\/\/support.google.com\/accounts\/answer\/61416?hl=de<\/a><\/li><li>Op\u00e9ra : <a rel=\"noreferrer noopener\" href=\"http:\/\/www.opera.com\/de\/help\" target=\"_blank\">http:\/\/www.opera.com\/de\/help<\/a><\/li><\/ul>\n\n\n\n<p>Safari : <a href=\"https:\/\/support.apple.com\/kb\/PH17191?locale=de_DE&amp;viewlocale=de_DE\" target=\"_blank\" rel=\"noreferrer noopener\">https:\/\/support.apple.com\/kb\/PH17191?locale=de_DE&amp;viewlocale=de_DE<\/a>.<\/p>\n\n\n\n<h3 class=\"wp-block-heading\">Dur\u00e9e de stockage et cookies utilis\u00e9s:<\/h3>\n\n\n\n<p>Si vous nous autorisez \u00e0 utiliser des cookies par le biais des param\u00e8tres de votre navigateur ou de votre consentement, les cookies suivants peuvent \u00eatre utilis\u00e9s sur nos sites Web :<\/p>\n\n\n\n<h2 class=\"wp-block-heading\">Cookies techniquement n\u00e9cessaires<\/h2>\n\n\n\n<h3 class=\"wp-block-heading\">Type et finalit\u00e9 du traitement :<\/h3>\n\n\n\n<p>Nous utilisons des cookies pour rendre notre site web plus convivial. Certains \u00e9l\u00e9ments de notre site Web n\u00e9cessitent que le navigateur appelant puisse \u00eatre identifi\u00e9 m\u00eame apr\u00e8s un changement de page.<\/p>\n\n\n\n<p>L&#8217;utilisation de cookies techniquement n\u00e9cessaires a pour but de simplifier l&#8217;utilisation des sites web pour les utilisateurs. Certaines fonctions de notre site web ne peuvent pas \u00eatre propos\u00e9es sans l&#8217;utilisation de cookies. Pour celles-ci, il est n\u00e9cessaire que le navigateur soit reconnu m\u00eame apr\u00e8s un changement de page.<\/p>\n\n\n\n<p>Nous avons besoin de cookies pour les applications suivantes :<\/p>\n\n\n\n<p>Cart<\/p>\n\n\n\n<h3 class=\"wp-block-heading\">Base l\u00e9gale et int\u00e9r\u00eat l\u00e9gitime:<\/h3>\n\n\n\n<p>Le traitement est effectu\u00e9 conform\u00e9ment \u00e0 l&#8217;art. 6 (1) lit. f DSGVO sur la base de notre int\u00e9r\u00eat l\u00e9gitime pour une conception conviviale de notre site web.<\/p>\n\n\n\n<h3 class=\"wp-block-heading\">Recipiendaires :<\/h3>\n\n\n\n<p>Les destinataires des donn\u00e9es peuvent \u00eatre des prestataires de services techniques qui agissent en tant que processeurs de commandes pour l&#8217;exploitation et la maintenance de notre site internet.<\/p>\n\n\n\n<h3 class=\"wp-block-heading\">Prestation prescrite ou requise:<\/h3>\n\n\n\n<p>La fourniture des donn\u00e9es personnelles susmentionn\u00e9es n&#8217;est pas prescrite par la loi ou le contrat. Toutefois, sans ces donn\u00e9es, le service et la fonctionnalit\u00e9 de notre site web ne peuvent \u00eatre garantis. En outre, des services et prestations individuels peuvent ne pas \u00eatre disponibles ou \u00eatre restreints.<\/p>\n\n\n\n<p>.<\/p>\n\n\n\n<h3 class=\"wp-block-heading\">Objection<\/h3>\n\n\n\n<p>Veuillez lire les informations relatives \u00e0 votre droit d&#8217;opposition conform\u00e9ment \u00e0 l&#8217;art. 21 DSGVO ci-dessous.<\/p>\n\n\n\n<h2 class=\"wp-block-heading\">Enregistrement sur notre site web<\/h2>\n\n\n\n<h3 class=\"wp-block-heading\">Type et finalit\u00e9 du traitement :<\/h3>\n\n\n\n<p>Pour l&#8217;enregistrement sur notre site web, nous avons besoin de certaines donn\u00e9es \u00e0 caract\u00e8re personnel, qui nous sont transmises par le biais d&#8217;un masque de saisie.<\/p>\n\n\n\n<p>Au moment de l&#8217;enregistrement, les donn\u00e9es suivantes sont \u00e9galement collect\u00e9es :<\/p>\n\n\n\n<p>Adresse IP.<\/p>\n\n\n\n<p>Au moment de l&#8217;inscription, les donn\u00e9es suivantes sont \u00e9galement collect\u00e9es :<\/p>\n\n\n\n<p>L&#8217;adresse IP.<\/p>\n\n\n\n<p>L&#8217;adresse de l&#8217;entreprise.<\/p>\n\n\n\n<h3 class=\"wp-block-heading\">Base l\u00e9gale:<\/h3>\n\n\n\n<p>Le traitement des donn\u00e9es saisies lors de l&#8217;inscription est fond\u00e9 sur le consentement de l&#8217;utilisateur (art. 6 al. 1 lit. a DSGVO).<\/p>\n\n\n\n<h3 class=\"wp-block-heading\">Destinataire:<\/h3>\n\n\n\n<p>Les destinataires des donn\u00e9es peuvent \u00eatre des prestataires de services techniques qui agissent en tant que responsables du traitement des commandes pour l&#8217;exploitation et la maintenance de notre site web.<\/p>\n\n\n\n<h3 class=\"wp-block-heading\">Dur\u00e9e de stockage:<\/h3>\n\n\n\n<p>Les donn\u00e9es ne seront trait\u00e9es dans ce contexte qu&#8217;aussi longtemps que le consentement correspondant sera en place.<\/p>\n\n\n\n<h3 class=\"wp-block-heading\">Disposition obligatoire ou requise :<\/h3>\n\n\n\n<p>La communication de vos donn\u00e9es personnelles est volontaire et repose uniquement sur votre consentement. Sans la fourniture de vos donn\u00e9es personnelles, nous ne pouvons pas vous accorder l&#8217;acc\u00e8s au contenu que nous proposons.<\/p>\n\n\n\n<h2 class=\"wp-block-heading\">Cryptage SSL<\/h2>\n\n\n\n<p>Pour prot\u00e9ger la s\u00e9curit\u00e9 de vos donn\u00e9es lors de leur transmission, nous utilisons des proc\u00e9dures de cryptage de pointe (par exemple SSL) via HTTPS.<\/p>\n\n\n\n<hr class=\"wp-block-separator\"\/>\n\n\n\n<h2 class=\"wp-block-heading\">Information sur votre droit d&#8217;opposition selon l&#8217;art. 21 DSGVO<\/h2>\n\n\n\n<h3 class=\"wp-block-heading\">Droit individuel d&#8217;objection<\/h3>\n\n\n\n<p>Vous avez le droit de vous opposer \u00e0 tout moment, pour des raisons tenant \u00e0 votre situation particuli\u00e8re, au traitement des donn\u00e9es \u00e0 caract\u00e8re personnel vous concernant qui est effectu\u00e9 sur la base de l&#8217;article 6, paragraphe 1, point f) DSGVO (traitement des donn\u00e9es sur la base d&#8217;un \u00e9quilibre des int\u00e9r\u00eats) ; cela vaut \u00e9galement pour le profilage fond\u00e9 sur cette disposition au sens de l&#8217;article 4 n\u00b0 4 DSGVO.<\/p>\n\n\n\n<p>Si vous vous y opposez, nous ne traiterons plus vos donn\u00e9es personnelles, \u00e0 moins que nous puissions d\u00e9montrer des motifs l\u00e9gitimes imp\u00e9rieux pour le traitement qui l&#8217;emportent sur vos int\u00e9r\u00eats, droits et libert\u00e9s, ou que le traitement serve \u00e0 faire valoir, exercer ou d\u00e9fendre des revendications l\u00e9gales.<\/p>\n\n\n\n<h3 class=\"wp-block-heading\">Destinataire de l&#8217;opposition<\/h3>\n\n\n\n<p>Marlene Braach<\/p>\n\n\n\n<hr class=\"wp-block-separator\"\/>\n\n\n\n<h2 class=\"wp-block-heading\">Modification de notre politique de confidentialit\u00e9<\/h2>\n\n\n\n<p>Nous nous r\u00e9servons le droit d&#8217;adapter cette d\u00e9claration de protection des donn\u00e9es afin qu&#8217;elle soit toujours conforme aux exigences l\u00e9gales actuelles ou afin de mettre en \u0153uvre les modifications de nos services dans la d\u00e9claration de protection des donn\u00e9es, par exemple lors de l&#8217;introduction de nouveaux services. La nouvelle d\u00e9claration de protection des donn\u00e9es s&#8217;appliquera alors \u00e0 votre prochaine visite.<\/p>\n\n\n\n<h2 class=\"wp-block-heading\">Questions au d\u00e9l\u00e9gu\u00e9 \u00e0 la protection des donn\u00e9es<\/h2>\n\n\n\n<p>Si vous avez des questions sur la protection des donn\u00e9es, veuillez nous \u00e9crire un e-mail ou contacter directement la personne responsable de la protection des donn\u00e9es dans notre organisation:<\/p>\n\n\n\n<p>Marlene Braach info@zae.com<\/p>\n\n\n\n<p><em>Cette d\u00e9claration de confidentialit\u00e9 a \u00e9t\u00e9 cr\u00e9\u00e9e avec l&#8217;aide d&#8217;activeMind AG, les experts pour les responsables externes de la protection des donn\u00e9es (version #2020-09-30). La d\u00e9claration de confidentialit\u00e9 a \u00e9t\u00e9 traduite de l&#8217;allemand vers le fran\u00e7ais par Marlene Braach.<\/em><\/p>\n","protected":false},"excerpt":{"rendered":"<p>Politique de confidentialit\u00e9 La personne responsable en termes de lois sur la protection des donn\u00e9es, en particulier le r\u00e8glement g\u00e9n\u00e9ral de l&#8217;UE sur la protection des donn\u00e9es (RGPD), est: Marlene Braach Vos droits de personne concern\u00e9e Vous pouvez exercer les droits suivants \u00e0 tout moment en utilisant les coordonn\u00e9es fournies par notre d\u00e9l\u00e9gu\u00e9 \u00e0 la [&hellip;]<\/p>\n","protected":false},"author":1,"featured_media":0,"parent":0,"menu_order":0,"comment_status":"closed","ping_status":"closed","template":"","meta":{"footnotes":""},"class_list":["post-224","page","type-page","status-publish","hentry"],"translation":{"provider":"WPGlobus","version":"3.0.0","language":"fr","enabled_languages":["en","de","fr"],"languages":{"en":{"title":true,"content":true,"excerpt":false},"de":{"title":true,"content":true,"excerpt":false},"fr":{"title":false,"content":true,"excerpt":false}}},"yoast_head":"<!-- This site is optimized with the Yoast SEO plugin v23.5 - https:\/\/yoast.com\/wordpress\/plugins\/seo\/ -->\n<title>- ZA\u00cb-Design<\/title>\n<meta name=\"robots\" content=\"index, follow, max-snippet:-1, max-image-preview:large, max-video-preview:-1\" \/>\n<link rel=\"canonical\" href=\"https:\/\/www.zae-design.com\/data-security\/\" \/>\n<meta property=\"og:locale\" content=\"fr_FR\" \/>\n<meta property=\"og:type\" content=\"article\" \/>\n<meta property=\"og:title\" content=\"- ZA\u00cb-Design\" \/>\n<meta property=\"og:url\" content=\"https:\/\/www.zae-design.com\/data-security\/\" \/>\n<meta property=\"og:site_name\" content=\"ZA\u00cb-Design\" \/>\n<meta property=\"article:publisher\" content=\"https:\/\/www.facebook.com\/zaedesign.int\" \/>\n<meta property=\"article:modified_time\" content=\"2021-04-02T11:45:52+00:00\" \/>\n<meta name=\"twitter:card\" content=\"summary_large_image\" \/>\n<meta name=\"twitter:label1\" content=\"Est. reading time\" \/>\n\t<meta name=\"twitter:data1\" content=\"20 minutes\" \/>\n<script type=\"application\/ld+json\" class=\"yoast-schema-graph\">{\"@context\":\"https:\/\/schema.org\",\"@graph\":[{\"@type\":\"WebPage\",\"@id\":\"https:\/\/www.zae-design.com\/data-security\/\",\"url\":\"https:\/\/www.zae-design.com\/data-security\/\",\"name\":\"- ZA\u00cb-Design\",\"isPartOf\":{\"@id\":\"https:\/\/www.zae-design.com\/#website\"},\"datePublished\":\"2021-02-28T17:00:26+00:00\",\"dateModified\":\"2021-04-02T11:45:52+00:00\",\"breadcrumb\":{\"@id\":\"https:\/\/www.zae-design.com\/data-security\/#breadcrumb\"},\"inLanguage\":\"fr-FR\",\"potentialAction\":[{\"@type\":\"ReadAction\",\"target\":[\"https:\/\/www.zae-design.com\/data-security\/\"]}]},{\"@type\":\"BreadcrumbList\",\"@id\":\"https:\/\/www.zae-design.com\/data-security\/#breadcrumb\",\"itemListElement\":[{\"@type\":\"ListItem\",\"position\":1,\"name\":\"Home\",\"item\":\"https:\/\/www.zae-design.com\/\"},{\"@type\":\"ListItem\",\"position\":2,\"name\":\"Data Security Statement\"}]},{\"@type\":\"WebSite\",\"@id\":\"https:\/\/www.zae-design.com\/#website\",\"url\":\"https:\/\/www.zae-design.com\/\",\"name\":\"ZA\u00cb-Design\",\"description\":\"ZA\u00cb designs clothes for multidisciplinary Urbane  Arts\",\"publisher\":{\"@id\":\"https:\/\/www.zae-design.com\/#organization\"},\"potentialAction\":[{\"@type\":\"SearchAction\",\"target\":{\"@type\":\"EntryPoint\",\"urlTemplate\":\"https:\/\/www.zae-design.com\/?s={search_term_string}\"},\"query-input\":{\"@type\":\"PropertyValueSpecification\",\"valueRequired\":true,\"valueName\":\"search_term_string\"}}],\"inLanguage\":\"fr-FR\"},{\"@type\":\"Organization\",\"@id\":\"https:\/\/www.zae-design.com\/#organization\",\"name\":\"ZA\u00cb\",\"url\":\"https:\/\/www.zae-design.com\/\",\"logo\":{\"@type\":\"ImageObject\",\"inLanguage\":\"fr-FR\",\"@id\":\"https:\/\/www.zae-design.com\/#\/schema\/logo\/image\/\",\"url\":\"https:\/\/www.zae-design.com\/wp-content\/uploads\/2023\/02\/ZAE-Logo.png\",\"contentUrl\":\"https:\/\/www.zae-design.com\/wp-content\/uploads\/2023\/02\/ZAE-Logo.png\",\"width\":837,\"height\":344,\"caption\":\"ZA\u00cb\"},\"image\":{\"@id\":\"https:\/\/www.zae-design.com\/#\/schema\/logo\/image\/\"},\"sameAs\":[\"https:\/\/www.facebook.com\/zaedesign.int\",\"https:\/\/www.instagram.com\/_zaedesign\/\"]}]}<\/script>\n<!-- \/ Yoast SEO plugin. -->","yoast_head_json":{"title":"- ZA\u00cb-Design","robots":{"index":"index","follow":"follow","max-snippet":"max-snippet:-1","max-image-preview":"max-image-preview:large","max-video-preview":"max-video-preview:-1"},"canonical":"https:\/\/www.zae-design.com\/data-security\/","og_locale":"fr_FR","og_type":"article","og_title":"- ZA\u00cb-Design","og_url":"https:\/\/www.zae-design.com\/data-security\/","og_site_name":"ZA\u00cb-Design","article_publisher":"https:\/\/www.facebook.com\/zaedesign.int","article_modified_time":"2021-04-02T11:45:52+00:00","twitter_card":"summary_large_image","twitter_misc":{"Est. reading time":"20 minutes"},"schema":{"@context":"https:\/\/schema.org","@graph":[{"@type":"WebPage","@id":"https:\/\/www.zae-design.com\/data-security\/","url":"https:\/\/www.zae-design.com\/data-security\/","name":"- ZA\u00cb-Design","isPartOf":{"@id":"https:\/\/www.zae-design.com\/#website"},"datePublished":"2021-02-28T17:00:26+00:00","dateModified":"2021-04-02T11:45:52+00:00","breadcrumb":{"@id":"https:\/\/www.zae-design.com\/data-security\/#breadcrumb"},"inLanguage":"fr-FR","potentialAction":[{"@type":"ReadAction","target":["https:\/\/www.zae-design.com\/data-security\/"]}]},{"@type":"BreadcrumbList","@id":"https:\/\/www.zae-design.com\/data-security\/#breadcrumb","itemListElement":[{"@type":"ListItem","position":1,"name":"Home","item":"https:\/\/www.zae-design.com\/"},{"@type":"ListItem","position":2,"name":"Data Security Statement"}]},{"@type":"WebSite","@id":"https:\/\/www.zae-design.com\/#website","url":"https:\/\/www.zae-design.com\/","name":"ZA\u00cb-Design","description":"ZA\u00cb designs clothes for multidisciplinary Urbane  Arts","publisher":{"@id":"https:\/\/www.zae-design.com\/#organization"},"potentialAction":[{"@type":"SearchAction","target":{"@type":"EntryPoint","urlTemplate":"https:\/\/www.zae-design.com\/?s={search_term_string}"},"query-input":{"@type":"PropertyValueSpecification","valueRequired":true,"valueName":"search_term_string"}}],"inLanguage":"fr-FR"},{"@type":"Organization","@id":"https:\/\/www.zae-design.com\/#organization","name":"ZA\u00cb","url":"https:\/\/www.zae-design.com\/","logo":{"@type":"ImageObject","inLanguage":"fr-FR","@id":"https:\/\/www.zae-design.com\/#\/schema\/logo\/image\/","url":"https:\/\/www.zae-design.com\/wp-content\/uploads\/2023\/02\/ZAE-Logo.png","contentUrl":"https:\/\/www.zae-design.com\/wp-content\/uploads\/2023\/02\/ZAE-Logo.png","width":837,"height":344,"caption":"ZA\u00cb"},"image":{"@id":"https:\/\/www.zae-design.com\/#\/schema\/logo\/image\/"},"sameAs":["https:\/\/www.facebook.com\/zaedesign.int","https:\/\/www.instagram.com\/_zaedesign\/"]}]}},"_links":{"self":[{"href":"https:\/\/www.zae-design.com\/fr\/wp-json\/wp\/v2\/pages\/224","targetHints":{"allow":["GET"]}}],"collection":[{"href":"https:\/\/www.zae-design.com\/fr\/wp-json\/wp\/v2\/pages"}],"about":[{"href":"https:\/\/www.zae-design.com\/fr\/wp-json\/wp\/v2\/types\/page"}],"author":[{"embeddable":true,"href":"https:\/\/www.zae-design.com\/fr\/wp-json\/wp\/v2\/users\/1"}],"replies":[{"embeddable":true,"href":"https:\/\/www.zae-design.com\/fr\/wp-json\/wp\/v2\/comments?post=224"}],"version-history":[{"count":7,"href":"https:\/\/www.zae-design.com\/fr\/wp-json\/wp\/v2\/pages\/224\/revisions"}],"predecessor-version":[{"id":556,"href":"https:\/\/www.zae-design.com\/fr\/wp-json\/wp\/v2\/pages\/224\/revisions\/556"}],"wp:attachment":[{"href":"https:\/\/www.zae-design.com\/fr\/wp-json\/wp\/v2\/media?parent=224"}],"curies":[{"name":"wp","href":"https:\/\/api.w.org\/{rel}","templated":true}]}}