{"id":227,"date":"2021-02-28T17:00:26","date_gmt":"2021-02-28T17:00:26","guid":{"rendered":"http:\/\/zae-design.com\/revocation\/"},"modified":"2023-01-29T22:04:26","modified_gmt":"2023-01-29T22:04:26","slug":"revocation","status":"publish","type":"page","link":"https:\/\/www.zae-design.com\/fr\/revocation\/","title":{"rendered":"Conditions d&#8217;annulation"},"content":{"rendered":"\n<h2 class=\"wp-block-heading\">Le droit de r\u00e9tractation<\/h2>\n\n\n<p>Vous avez le droit de r\u00e9silier le pr\u00e9sent contrat dans un d\u00e9lai de quatorze jours sans donner de raison. <strong>La p\u00e9riode de r\u00e9vocation est de quatorze jours<\/strong> \u00e0 compter du jour o\u00f9 vous ou un tiers d\u00e9sign\u00e9 par vous, qui n&#8217;est pas le transporteur, a ou a pris possession des biens.<!-- \/wp:post-content --><\/p>\n<p><!-- wp:paragraph --><\/p>\n<p>Pour exercer votre droit de r\u00e9tractation, vous devez nous informer <a href=\"mailto:info@zae-desing.com\">info@zae-desing.com<\/a> de votre d\u00e9cision de r\u00e9tractation du pr\u00e9sent contrat au moyen d&#8217;une d\u00e9claration claire par E-mail. Vous pouvez utiliser \u00e0 cet effet le mod\u00e8le de formulaire de r\u00e9tractation ci-joint (que vous trouverez ci-dessous), qui n&#8217;est toutefois pas obligatoire. Vous pouvez copier le mod\u00e8le de formulaire de r\u00e9tractation, le remplir et nous l&#8217;envoyer au moyen du formulaire direct ci-dessous ou par e-mail (info@zae-design.com) . Si vous faites usage de cette possibilit\u00e9, nous vous enverrons un accus\u00e9 de r\u00e9ception de cette r\u00e9vocation (par e-mail). Pour respecter le d\u00e9lai de r\u00e9tractation, il suffit que vous envoyiez la notification de l&#8217;exercice du droit de r\u00e9tractation avant la fin du d\u00e9lai de r\u00e9tractation.<\/p>\n<p><!-- \/wp:paragraph --><\/p>\n<p><!-- wp:heading --><\/p>\n<h2>Cons\u00e9quences de la r\u00e9vocation<\/h2>\n<p><!-- \/wp:heading --><\/p>\n<p><!-- wp:paragraph --><\/p>\n<p>If you withdraw from this contract, we must refund all payments we have received from you, <strong>excluding delivery costs <\/strong>(with the exception of additional costs resulting from the fact that you have chosen a type of delivery other than the cheapest standard delivery offered by us), without delay and at the latest within fourteen days of the day on which we received notification of your withdrawal from this contract. For this repayment, we will use the same means of payment that you used for the original transaction, unless expressly agreed otherwise with you; in no case will you be charged for this repayment.<\/p>\n<p><!-- \/wp:paragraph --><\/p>\n<p><!-- wp:paragraph --><\/p>\n<p>a) We may refuse repayment until we have received the goods back or until you have provided proof that you have returned the goods, whichever is the earlier.<\/p>\n<p><!-- \/wp:paragraph --><\/p>\n<p><!-- wp:paragraph --><\/p>\n<p>b) If the consumer has received goods in connection with the contract:<br \/>1. You must return or hand over the goods to us: Marlene Braach Am Sonnenstein 51, 58313 Herdecke, without undue delay and in any event no later than fourteen days from the day on which you notify us of the cancellation of this contract. The deadline is met if you send the goods before the expiry of the period of fourteen days.<br \/>2. <strong>You shall bear the direct costs of returning the goods.<\/strong><br \/>3. You only have to pay for any loss in value of the goods if this loss in value is due to handling of the goods that is not necessary for checking the condition, properties and functioning of the goods.<\/p>\n<p><!-- \/wp:paragraph --><\/p>\n<p><!-- wp:heading --><\/p>\n<h2>Mod\u00e8le de formulaire d&#8217;annulation<\/h2>\n<p><!-- \/wp:heading --><\/p>\n<p><!-- wp:paragraph --><\/p>\n<p>Si vous souhaitez annuler le contrat, veuillez copier et coller ce formulaire dans le formulaire de contact ci-dessous et remplir ce formulaire avant de le soumettre. Veuillez utiliser la m\u00eame adresse e-mail que celle que vous avez utilis\u00e9e pour votre livraison !<\/p>\n<p><!-- \/wp:paragraph --><\/p>\n<p><!-- wp:list --><\/p>\n<ul>\n<li>A Marlene Braach, 31 rue Stendhal, 75020 Paris, France<\/li>\n<li>Je\/nous (XX) r\u00e9voque\/r\u00e9voquons par la pr\u00e9sente le contrat conclu par moi\/nous pour l&#8217;achat des marchandises suivantes (XX)<\/li>\n<li>Command\u00e9 le (XX)\/re\u00e7u le (XX)<\/li>\n<li>Nom du\/des consommateur(s)<\/li>\n<li>Adresse du\/des consommateur(s)<\/li>\n<li>Motif :<\/li>\n<\/ul>\n<p><!-- \/wp:list --><\/p>\n<p><!-- wp:list {\"ordered\":true} --><\/p>\n<ol>\n<li>Mauvais taille<\/li>\n<li>Je ne l&#8217;aime pas finalement<\/li>\n<li>D\u00e9faut (veuillez d\u00e9crire bri\u00e8vement le d\u00e9faut)<\/li>\n<\/ol>\n<p><!-- \/wp:list --><\/p>\n<p><!-- wp:shortcode --><\/p>\n<p>[contact-form][contact-field label=&#8221;Nom&#8221; type=&#8221;name&#8221; required=&#8221;1&#8243;][contact-field label=&#8221;Email&#8221; type=&#8221;email&#8221; required=&#8221;1&#8243;][contact-field label=&#8221;Message&#8221; type=&#8221;textarea&#8221;][\/contact-form]<\/p>\n<p><!-- \/wp:shortcode --><\/p>","protected":false},"excerpt":{"rendered":"<p>Le droit de r\u00e9tractation Vous avez le droit de r\u00e9silier le pr\u00e9sent contrat dans un d\u00e9lai de quatorze jours sans donner de raison. La p\u00e9riode de r\u00e9vocation est de quatorze jours \u00e0 compter du jour o\u00f9 vous ou un tiers d\u00e9sign\u00e9 par vous, qui n&#8217;est pas le transporteur, a ou a pris possession des biens. [&hellip;]<\/p>\n","protected":false},"author":1,"featured_media":0,"parent":0,"menu_order":0,"comment_status":"closed","ping_status":"closed","template":"","meta":{"footnotes":""},"class_list":["post-227","page","type-page","status-publish","hentry"],"translation":{"provider":"WPGlobus","version":"3.0.0","language":"fr","enabled_languages":["en","de","fr"],"languages":{"en":{"title":true,"content":true,"excerpt":false},"de":{"title":true,"content":true,"excerpt":false},"fr":{"title":true,"content":true,"excerpt":false}}},"yoast_head":"<!-- This site is optimized with the Yoast SEO plugin v23.5 - https:\/\/yoast.com\/wordpress\/plugins\/seo\/ -->\n<title>Conditions d&#039;annulation - ZA\u00cb-Design<\/title>\n<meta name=\"robots\" content=\"index, follow, max-snippet:-1, max-image-preview:large, max-video-preview:-1\" \/>\n<link rel=\"canonical\" href=\"https:\/\/www.zae-design.com\/revocation\/\" \/>\n<meta property=\"og:locale\" content=\"fr_FR\" \/>\n<meta property=\"og:type\" content=\"article\" \/>\n<meta property=\"og:title\" content=\"Conditions d&#039;annulation - ZA\u00cb-Design\" \/>\n<meta property=\"og:url\" content=\"https:\/\/www.zae-design.com\/revocation\/\" \/>\n<meta property=\"og:site_name\" content=\"ZA\u00cb-Design\" \/>\n<meta property=\"article:publisher\" content=\"https:\/\/www.facebook.com\/zaedesign.int\" \/>\n<meta property=\"article:modified_time\" content=\"2023-01-29T22:04:26+00:00\" \/>\n<meta name=\"twitter:card\" content=\"summary_large_image\" \/>\n<meta name=\"twitter:label1\" content=\"Est. reading time\" \/>\n\t<meta name=\"twitter:data1\" content=\"8 minutes\" \/>\n<script type=\"application\/ld+json\" class=\"yoast-schema-graph\">{\"@context\":\"https:\/\/schema.org\",\"@graph\":[{\"@type\":\"WebPage\",\"@id\":\"https:\/\/www.zae-design.com\/revocation\/\",\"url\":\"https:\/\/www.zae-design.com\/revocation\/\",\"name\":\"Conditions d'annulation - ZA\u00cb-Design\",\"isPartOf\":{\"@id\":\"https:\/\/www.zae-design.com\/#website\"},\"datePublished\":\"2021-02-28T17:00:26+00:00\",\"dateModified\":\"2023-01-29T22:04:26+00:00\",\"breadcrumb\":{\"@id\":\"https:\/\/www.zae-design.com\/revocation\/#breadcrumb\"},\"inLanguage\":\"fr-FR\",\"potentialAction\":[{\"@type\":\"ReadAction\",\"target\":[\"https:\/\/www.zae-design.com\/revocation\/\"]}]},{\"@type\":\"BreadcrumbList\",\"@id\":\"https:\/\/www.zae-design.com\/revocation\/#breadcrumb\",\"itemListElement\":[{\"@type\":\"ListItem\",\"position\":1,\"name\":\"Home\",\"item\":\"https:\/\/www.zae-design.com\/\"},{\"@type\":\"ListItem\",\"position\":2,\"name\":\"Cancellation Policy\"}]},{\"@type\":\"WebSite\",\"@id\":\"https:\/\/www.zae-design.com\/#website\",\"url\":\"https:\/\/www.zae-design.com\/\",\"name\":\"ZA\u00cb-Design\",\"description\":\"ZA\u00cb designs clothes for multidisciplinary Urbane  Arts\",\"publisher\":{\"@id\":\"https:\/\/www.zae-design.com\/#organization\"},\"potentialAction\":[{\"@type\":\"SearchAction\",\"target\":{\"@type\":\"EntryPoint\",\"urlTemplate\":\"https:\/\/www.zae-design.com\/?s={search_term_string}\"},\"query-input\":{\"@type\":\"PropertyValueSpecification\",\"valueRequired\":true,\"valueName\":\"search_term_string\"}}],\"inLanguage\":\"fr-FR\"},{\"@type\":\"Organization\",\"@id\":\"https:\/\/www.zae-design.com\/#organization\",\"name\":\"ZA\u00cb\",\"url\":\"https:\/\/www.zae-design.com\/\",\"logo\":{\"@type\":\"ImageObject\",\"inLanguage\":\"fr-FR\",\"@id\":\"https:\/\/www.zae-design.com\/#\/schema\/logo\/image\/\",\"url\":\"https:\/\/www.zae-design.com\/wp-content\/uploads\/2023\/02\/ZAE-Logo.png\",\"contentUrl\":\"https:\/\/www.zae-design.com\/wp-content\/uploads\/2023\/02\/ZAE-Logo.png\",\"width\":837,\"height\":344,\"caption\":\"ZA\u00cb\"},\"image\":{\"@id\":\"https:\/\/www.zae-design.com\/#\/schema\/logo\/image\/\"},\"sameAs\":[\"https:\/\/www.facebook.com\/zaedesign.int\",\"https:\/\/www.instagram.com\/_zaedesign\/\"]}]}<\/script>\n<!-- \/ Yoast SEO plugin. -->","yoast_head_json":{"title":"Conditions d'annulation - ZA\u00cb-Design","robots":{"index":"index","follow":"follow","max-snippet":"max-snippet:-1","max-image-preview":"max-image-preview:large","max-video-preview":"max-video-preview:-1"},"canonical":"https:\/\/www.zae-design.com\/revocation\/","og_locale":"fr_FR","og_type":"article","og_title":"Conditions d'annulation - ZA\u00cb-Design","og_url":"https:\/\/www.zae-design.com\/revocation\/","og_site_name":"ZA\u00cb-Design","article_publisher":"https:\/\/www.facebook.com\/zaedesign.int","article_modified_time":"2023-01-29T22:04:26+00:00","twitter_card":"summary_large_image","twitter_misc":{"Est. reading time":"8 minutes"},"schema":{"@context":"https:\/\/schema.org","@graph":[{"@type":"WebPage","@id":"https:\/\/www.zae-design.com\/revocation\/","url":"https:\/\/www.zae-design.com\/revocation\/","name":"Conditions d'annulation - ZA\u00cb-Design","isPartOf":{"@id":"https:\/\/www.zae-design.com\/#website"},"datePublished":"2021-02-28T17:00:26+00:00","dateModified":"2023-01-29T22:04:26+00:00","breadcrumb":{"@id":"https:\/\/www.zae-design.com\/revocation\/#breadcrumb"},"inLanguage":"fr-FR","potentialAction":[{"@type":"ReadAction","target":["https:\/\/www.zae-design.com\/revocation\/"]}]},{"@type":"BreadcrumbList","@id":"https:\/\/www.zae-design.com\/revocation\/#breadcrumb","itemListElement":[{"@type":"ListItem","position":1,"name":"Home","item":"https:\/\/www.zae-design.com\/"},{"@type":"ListItem","position":2,"name":"Cancellation Policy"}]},{"@type":"WebSite","@id":"https:\/\/www.zae-design.com\/#website","url":"https:\/\/www.zae-design.com\/","name":"ZA\u00cb-Design","description":"ZA\u00cb designs clothes for multidisciplinary Urbane  Arts","publisher":{"@id":"https:\/\/www.zae-design.com\/#organization"},"potentialAction":[{"@type":"SearchAction","target":{"@type":"EntryPoint","urlTemplate":"https:\/\/www.zae-design.com\/?s={search_term_string}"},"query-input":{"@type":"PropertyValueSpecification","valueRequired":true,"valueName":"search_term_string"}}],"inLanguage":"fr-FR"},{"@type":"Organization","@id":"https:\/\/www.zae-design.com\/#organization","name":"ZA\u00cb","url":"https:\/\/www.zae-design.com\/","logo":{"@type":"ImageObject","inLanguage":"fr-FR","@id":"https:\/\/www.zae-design.com\/#\/schema\/logo\/image\/","url":"https:\/\/www.zae-design.com\/wp-content\/uploads\/2023\/02\/ZAE-Logo.png","contentUrl":"https:\/\/www.zae-design.com\/wp-content\/uploads\/2023\/02\/ZAE-Logo.png","width":837,"height":344,"caption":"ZA\u00cb"},"image":{"@id":"https:\/\/www.zae-design.com\/#\/schema\/logo\/image\/"},"sameAs":["https:\/\/www.facebook.com\/zaedesign.int","https:\/\/www.instagram.com\/_zaedesign\/"]}]}},"_links":{"self":[{"href":"https:\/\/www.zae-design.com\/fr\/wp-json\/wp\/v2\/pages\/227","targetHints":{"allow":["GET"]}}],"collection":[{"href":"https:\/\/www.zae-design.com\/fr\/wp-json\/wp\/v2\/pages"}],"about":[{"href":"https:\/\/www.zae-design.com\/fr\/wp-json\/wp\/v2\/types\/page"}],"author":[{"embeddable":true,"href":"https:\/\/www.zae-design.com\/fr\/wp-json\/wp\/v2\/users\/1"}],"replies":[{"embeddable":true,"href":"https:\/\/www.zae-design.com\/fr\/wp-json\/wp\/v2\/comments?post=227"}],"version-history":[{"count":14,"href":"https:\/\/www.zae-design.com\/fr\/wp-json\/wp\/v2\/pages\/227\/revisions"}],"predecessor-version":[{"id":1316,"href":"https:\/\/www.zae-design.com\/fr\/wp-json\/wp\/v2\/pages\/227\/revisions\/1316"}],"wp:attachment":[{"href":"https:\/\/www.zae-design.com\/fr\/wp-json\/wp\/v2\/media?parent=227"}],"curies":[{"name":"wp","href":"https:\/\/api.w.org\/{rel}","templated":true}]}}