{"id":2361,"date":"2026-01-13T16:30:52","date_gmt":"2026-01-13T16:30:52","guid":{"rendered":"https:\/\/www.zae-design.com\/?post_type=product&#038;p=2361"},"modified":"2026-01-13T16:32:38","modified_gmt":"2026-01-13T16:32:38","slug":"planner-2026","status":"publish","type":"product","link":"https:\/\/www.zae-design.com\/fr\/produkt\/planner-2026\/","title":{"rendered":"Hand-printed Planner 2026"},"content":{"rendered":"","protected":false},"excerpt":{"rendered":"<p>A 2026 monthly planner featuring 12 original drawings of my favourite places in Paris, each printed by hand using the traditional Katagami technique.<\/p>\n<p>Because of the artisanal printing process, every agenda is slightly different, making each piece unique. Grey is used as the main printing colour, inspired by the iconic Parisian zinc rooftops. Some agendas also include an additional accent colour: the classic green of historic Parisian fountains.<\/p>\n<p>Under each illustration, the street name is handwritten, so you can easily find and visit these places if you are in Paris.<\/p>\n<p>This planner is very personal to me. I dedicated it to my grandparents, who always supported my ambitions. The year begins with a drawing of my grandmother and her sister getting ready for an adventure together.<\/p>\n<p>January \u2013 Getting Ready for a New Adventure<br \/>\nFebruary \u2013 Pont des Arts<br \/>\nMarch \u2013 Quai Branly<br \/>\nApril \u2013 Buttes-Chaumont<br \/>\nMay \u2013 Montmartre<br \/>\nJune \u2013 Od\u00e9on, Th\u00e9\u00e2tre de l\u2019Europe<br \/>\nJuly \u2013 Le Petit March\u00e9<br \/>\nAugust \u2013 Quai de Jemmapes<br \/>\nSeptember \u2013 Jardin des Plantes<br \/>\nOctober \u2013 BnF Richelieu<br \/>\nNovember \u2013 March\u00e9 Dauphine, Appartement 47<br \/>\nDecember \u2013 La Petite Louise<\/p>\n<p>Planner Size: B6 Muji Monthly Planner 2026 Approx. L7.2 x W5.0&#8243; (L18.2 x W12.8 cm)<\/p>\n<p>This monthly planner starts on Monday and includes 2-page monthly spreads with lined pages for notes. Comes with a vinyl cover to protect against light spills and debris.<\/p>\n<p>Pages include (in the following order):<br \/>\nMonthly calendar overview (2025-2027)<br \/>\nYearly overview for 2026<br \/>\nMonthly calendar (beginning in December 2025)<br \/>\nExtra lined pages for notes<br \/>\nCovers include pockets for storing business cards or folded paper<\/p>\n<p>The cover of your planner can be customised with one of the 12 prints \u2014 simply let me know your choice when ordering.<\/p>\n<p><em>May your 2026 be full of new adventures, discoveries, beautiful people, and places.<\/em><\/p>\n","protected":false},"featured_media":2362,"comment_status":"open","ping_status":"closed","template":"","meta":[],"product_cat":[15],"product_tag":[],"class_list":["post-2361","product","type-product","status-publish","has-post-thumbnail","hentry","product_cat-unkategorisiert"],"translation":{"provider":"WPGlobus","version":"3.0.0","language":"fr","enabled_languages":["en","de","fr"],"languages":{"en":{"title":true,"content":false,"excerpt":true},"de":{"title":false,"content":false,"excerpt":false},"fr":{"title":false,"content":false,"excerpt":false}}},"yoast_head":"<!-- This site is optimized with the Yoast SEO plugin v23.5 - https:\/\/yoast.com\/wordpress\/plugins\/seo\/ -->\n<title>Hand-printed Planner 2026 - ZA\u00cb-Design<\/title>\n<meta name=\"robots\" content=\"index, follow, max-snippet:-1, max-image-preview:large, max-video-preview:-1\" \/>\n<link rel=\"canonical\" href=\"https:\/\/www.zae-design.com\/produkt\/planner-2026\/\" \/>\n<meta property=\"og:locale\" content=\"fr_FR\" \/>\n<meta property=\"og:type\" content=\"article\" \/>\n<meta property=\"og:title\" content=\"Hand-printed Planner 2026 - ZA\u00cb-Design\" \/>\n<meta property=\"og:url\" content=\"https:\/\/www.zae-design.com\/produkt\/planner-2026\/\" \/>\n<meta property=\"og:site_name\" content=\"ZA\u00cb-Design\" \/>\n<meta property=\"article:publisher\" content=\"https:\/\/www.facebook.com\/zaedesign.int\" \/>\n<meta property=\"article:modified_time\" content=\"2026-01-13T16:32:38+00:00\" \/>\n<meta property=\"og:image\" content=\"https:\/\/www.zae-design.com\/wp-content\/uploads\/2026\/01\/la-petite-Louise-scaled.jpg\" \/>\n\t<meta property=\"og:image:width\" content=\"2560\" \/>\n\t<meta property=\"og:image:height\" content=\"2560\" \/>\n\t<meta property=\"og:image:type\" content=\"image\/jpeg\" \/>\n<meta name=\"twitter:card\" content=\"summary_large_image\" \/>\n<meta name=\"twitter:label1\" content=\"Est. reading time\" \/>\n\t<meta name=\"twitter:data1\" content=\"1 minute\" \/>\n<script type=\"application\/ld+json\" class=\"yoast-schema-graph\">{\"@context\":\"https:\/\/schema.org\",\"@graph\":[{\"@type\":\"WebPage\",\"@id\":\"https:\/\/www.zae-design.com\/produkt\/planner-2026\/\",\"url\":\"https:\/\/www.zae-design.com\/produkt\/planner-2026\/\",\"name\":\"Hand-printed Planner 2026 - ZA\u00cb-Design\",\"isPartOf\":{\"@id\":\"https:\/\/www.zae-design.com\/#website\"},\"primaryImageOfPage\":{\"@id\":\"https:\/\/www.zae-design.com\/produkt\/planner-2026\/#primaryimage\"},\"image\":{\"@id\":\"https:\/\/www.zae-design.com\/produkt\/planner-2026\/#primaryimage\"},\"thumbnailUrl\":\"https:\/\/www.zae-design.com\/wp-content\/uploads\/2026\/01\/la-petite-Louise-scaled.jpg\",\"datePublished\":\"2026-01-13T16:30:52+00:00\",\"dateModified\":\"2026-01-13T16:32:38+00:00\",\"breadcrumb\":{\"@id\":\"https:\/\/www.zae-design.com\/produkt\/planner-2026\/#breadcrumb\"},\"inLanguage\":\"fr-FR\",\"potentialAction\":[{\"@type\":\"ReadAction\",\"target\":[\"https:\/\/www.zae-design.com\/produkt\/planner-2026\/\"]}]},{\"@type\":\"ImageObject\",\"inLanguage\":\"fr-FR\",\"@id\":\"https:\/\/www.zae-design.com\/produkt\/planner-2026\/#primaryimage\",\"url\":\"https:\/\/www.zae-design.com\/wp-content\/uploads\/2026\/01\/la-petite-Louise-scaled.jpg\",\"contentUrl\":\"https:\/\/www.zae-design.com\/wp-content\/uploads\/2026\/01\/la-petite-Louise-scaled.jpg\",\"width\":2560,\"height\":2560},{\"@type\":\"BreadcrumbList\",\"@id\":\"https:\/\/www.zae-design.com\/produkt\/planner-2026\/#breadcrumb\",\"itemListElement\":[{\"@type\":\"ListItem\",\"position\":1,\"name\":\"Home\",\"item\":\"https:\/\/www.zae-design.com\/\"},{\"@type\":\"ListItem\",\"position\":2,\"name\":\"Shop\",\"item\":\"https:\/\/www.zae-design.com\/shop\/\"},{\"@type\":\"ListItem\",\"position\":3,\"name\":\"Hand-printed Planner 2026\"}]},{\"@type\":\"WebSite\",\"@id\":\"https:\/\/www.zae-design.com\/#website\",\"url\":\"https:\/\/www.zae-design.com\/\",\"name\":\"ZA\u00cb-Design\",\"description\":\"ZA\u00cb designs clothes for multidisciplinary Urbane  Arts\",\"publisher\":{\"@id\":\"https:\/\/www.zae-design.com\/#organization\"},\"potentialAction\":[{\"@type\":\"SearchAction\",\"target\":{\"@type\":\"EntryPoint\",\"urlTemplate\":\"https:\/\/www.zae-design.com\/?s={search_term_string}\"},\"query-input\":{\"@type\":\"PropertyValueSpecification\",\"valueRequired\":true,\"valueName\":\"search_term_string\"}}],\"inLanguage\":\"fr-FR\"},{\"@type\":\"Organization\",\"@id\":\"https:\/\/www.zae-design.com\/#organization\",\"name\":\"ZA\u00cb\",\"url\":\"https:\/\/www.zae-design.com\/\",\"logo\":{\"@type\":\"ImageObject\",\"inLanguage\":\"fr-FR\",\"@id\":\"https:\/\/www.zae-design.com\/#\/schema\/logo\/image\/\",\"url\":\"https:\/\/www.zae-design.com\/wp-content\/uploads\/2023\/02\/ZAE-Logo.png\",\"contentUrl\":\"https:\/\/www.zae-design.com\/wp-content\/uploads\/2023\/02\/ZAE-Logo.png\",\"width\":837,\"height\":344,\"caption\":\"ZA\u00cb\"},\"image\":{\"@id\":\"https:\/\/www.zae-design.com\/#\/schema\/logo\/image\/\"},\"sameAs\":[\"https:\/\/www.facebook.com\/zaedesign.int\",\"https:\/\/www.instagram.com\/_zaedesign\/\"]}]}<\/script>\n<!-- \/ Yoast SEO plugin. -->","yoast_head_json":{"title":"Hand-printed Planner 2026 - ZA\u00cb-Design","robots":{"index":"index","follow":"follow","max-snippet":"max-snippet:-1","max-image-preview":"max-image-preview:large","max-video-preview":"max-video-preview:-1"},"canonical":"https:\/\/www.zae-design.com\/produkt\/planner-2026\/","og_locale":"fr_FR","og_type":"article","og_title":"Hand-printed Planner 2026 - ZA\u00cb-Design","og_url":"https:\/\/www.zae-design.com\/produkt\/planner-2026\/","og_site_name":"ZA\u00cb-Design","article_publisher":"https:\/\/www.facebook.com\/zaedesign.int","article_modified_time":"2026-01-13T16:32:38+00:00","og_image":[{"width":2560,"height":2560,"url":"https:\/\/www.zae-design.com\/wp-content\/uploads\/2026\/01\/la-petite-Louise-scaled.jpg","type":"image\/jpeg"}],"twitter_card":"summary_large_image","twitter_misc":{"Est. reading time":"1 minute"},"schema":{"@context":"https:\/\/schema.org","@graph":[{"@type":"WebPage","@id":"https:\/\/www.zae-design.com\/produkt\/planner-2026\/","url":"https:\/\/www.zae-design.com\/produkt\/planner-2026\/","name":"Hand-printed Planner 2026 - ZA\u00cb-Design","isPartOf":{"@id":"https:\/\/www.zae-design.com\/#website"},"primaryImageOfPage":{"@id":"https:\/\/www.zae-design.com\/produkt\/planner-2026\/#primaryimage"},"image":{"@id":"https:\/\/www.zae-design.com\/produkt\/planner-2026\/#primaryimage"},"thumbnailUrl":"https:\/\/www.zae-design.com\/wp-content\/uploads\/2026\/01\/la-petite-Louise-scaled.jpg","datePublished":"2026-01-13T16:30:52+00:00","dateModified":"2026-01-13T16:32:38+00:00","breadcrumb":{"@id":"https:\/\/www.zae-design.com\/produkt\/planner-2026\/#breadcrumb"},"inLanguage":"fr-FR","potentialAction":[{"@type":"ReadAction","target":["https:\/\/www.zae-design.com\/produkt\/planner-2026\/"]}]},{"@type":"ImageObject","inLanguage":"fr-FR","@id":"https:\/\/www.zae-design.com\/produkt\/planner-2026\/#primaryimage","url":"https:\/\/www.zae-design.com\/wp-content\/uploads\/2026\/01\/la-petite-Louise-scaled.jpg","contentUrl":"https:\/\/www.zae-design.com\/wp-content\/uploads\/2026\/01\/la-petite-Louise-scaled.jpg","width":2560,"height":2560},{"@type":"BreadcrumbList","@id":"https:\/\/www.zae-design.com\/produkt\/planner-2026\/#breadcrumb","itemListElement":[{"@type":"ListItem","position":1,"name":"Home","item":"https:\/\/www.zae-design.com\/"},{"@type":"ListItem","position":2,"name":"Shop","item":"https:\/\/www.zae-design.com\/shop\/"},{"@type":"ListItem","position":3,"name":"Hand-printed Planner 2026"}]},{"@type":"WebSite","@id":"https:\/\/www.zae-design.com\/#website","url":"https:\/\/www.zae-design.com\/","name":"ZA\u00cb-Design","description":"ZA\u00cb designs clothes for multidisciplinary Urbane  Arts","publisher":{"@id":"https:\/\/www.zae-design.com\/#organization"},"potentialAction":[{"@type":"SearchAction","target":{"@type":"EntryPoint","urlTemplate":"https:\/\/www.zae-design.com\/?s={search_term_string}"},"query-input":{"@type":"PropertyValueSpecification","valueRequired":true,"valueName":"search_term_string"}}],"inLanguage":"fr-FR"},{"@type":"Organization","@id":"https:\/\/www.zae-design.com\/#organization","name":"ZA\u00cb","url":"https:\/\/www.zae-design.com\/","logo":{"@type":"ImageObject","inLanguage":"fr-FR","@id":"https:\/\/www.zae-design.com\/#\/schema\/logo\/image\/","url":"https:\/\/www.zae-design.com\/wp-content\/uploads\/2023\/02\/ZAE-Logo.png","contentUrl":"https:\/\/www.zae-design.com\/wp-content\/uploads\/2023\/02\/ZAE-Logo.png","width":837,"height":344,"caption":"ZA\u00cb"},"image":{"@id":"https:\/\/www.zae-design.com\/#\/schema\/logo\/image\/"},"sameAs":["https:\/\/www.facebook.com\/zaedesign.int","https:\/\/www.instagram.com\/_zaedesign\/"]}]}},"_links":{"self":[{"href":"https:\/\/www.zae-design.com\/fr\/wp-json\/wp\/v2\/product\/2361","targetHints":{"allow":["GET"]}}],"collection":[{"href":"https:\/\/www.zae-design.com\/fr\/wp-json\/wp\/v2\/product"}],"about":[{"href":"https:\/\/www.zae-design.com\/fr\/wp-json\/wp\/v2\/types\/product"}],"replies":[{"embeddable":true,"href":"https:\/\/www.zae-design.com\/fr\/wp-json\/wp\/v2\/comments?post=2361"}],"wp:featuredmedia":[{"embeddable":true,"href":"https:\/\/www.zae-design.com\/fr\/wp-json\/wp\/v2\/media\/2362"}],"wp:attachment":[{"href":"https:\/\/www.zae-design.com\/fr\/wp-json\/wp\/v2\/media?parent=2361"}],"wp:term":[{"taxonomy":"product_cat","embeddable":true,"href":"https:\/\/www.zae-design.com\/fr\/wp-json\/wp\/v2\/product_cat?post=2361"},{"taxonomy":"product_tag","embeddable":true,"href":"https:\/\/www.zae-design.com\/fr\/wp-json\/wp\/v2\/product_tag?post=2361"}],"curies":[{"name":"wp","href":"https:\/\/api.w.org\/{rel}","templated":true}]}}